{"id":2203,"date":"2015-02-03T20:14:31","date_gmt":"2015-02-03T20:14:31","guid":{"rendered":"https:\/\/salgueiroportomoniz.com\/pontos-de-interesse-no-porto-moniz\/"},"modified":"2020-12-03T12:40:27","modified_gmt":"2020-12-03T12:40:27","slug":"orte-zu-gehen-in-porto-moniz","status":"publish","type":"page","link":"https:\/\/salgueiroportomoniz.com\/de\/orte-zu-gehen-in-porto-moniz\/","title":{"rendered":"Orte zu gehen, in Porto Moniz"},"content":{"rendered":"<p><div class=\"fusion-fullwidth fullwidth-box fusion-builder-row-1 nonhundred-percent-fullwidth non-hundred-percent-height-scrolling\" style=\"--awb-background-position:left top;--awb-border-sizes-top:0px;--awb-border-sizes-bottom:0px;--awb-border-sizes-left:0px;--awb-border-sizes-right:0px;--awb-border-radius-top-left:0px;--awb-border-radius-top-right:0px;--awb-border-radius-bottom-right:0px;--awb-border-radius-bottom-left:0px;--awb-padding-top:20px;--awb-padding-bottom:60px;\" ><div class=\"fusion-builder-row fusion-row\"><div class=\"fusion-layout-column fusion_builder_column fusion-builder-column-0 fusion_builder_column_1_6 1_6 fusion-one-sixth fusion-column-first fusion-no-small-visibility fusion-no-medium-visibility\" style=\"--awb-padding-top:10%;--awb-padding-right:10%;--awb-padding-bottom:10%;--awb-padding-left:10%;--awb-bg-size:cover;width:13.3333%; margin-right: 4%;\"><div class=\"fusion-column-wrapper fusion-flex-column-wrapper-legacy\"><div class=\"fusion-clearfix\"><\/div><\/div><\/div><div class=\"fusion-layout-column fusion_builder_column fusion-builder-column-1 fusion_builder_column_2_3 2_3 fusion-two-third fusion-column-no-min-height\" style=\"--awb-bg-size:cover;--awb-margin-bottom:0px;width:65.3333%; margin-right: 4%;\"><div class=\"fusion-column-wrapper fusion-flex-column-wrapper-legacy\"><div class=\"fusion-text fusion-text-1\"><h2 style=\"text-align: center;\">\u00dcber Porto Moniz<\/h2>\n<\/div><div class=\"fusion-sep-clear\"><\/div><div class=\"fusion-separator\" style=\"margin-left: auto;margin-right: auto;margin-top:0px;margin-bottom:40px;width:100%;max-width:80px;\"><div class=\"fusion-separator-border sep-single sep-solid\" style=\"--awb-height:20px;--awb-amount:20px;--awb-sep-color:#026937;border-color:#026937;border-top-width:2px;\"><\/div><\/div><div class=\"fusion-sep-clear\"><\/div><div class=\"fusion-text fusion-text-2\"><p>Es wurde Pfarrei 12. M\u00e4rz 1574, ist eine der \u00e4ltesten Gemeinden im Norden der Insel Madeira. Hier wurden sie milit\u00e4rische \u00dcbungen im Jahrhundert statt. XVII und Porto Moniz wurde als \u201eBataillon\u201c popul\u00e4r bekannt. Sein Name ist aufgrund seiner wahrscheinlichen Gr\u00fcnder, Francisco Moniz, \u201eAlten Mann\u201c, eine der \u00e4ltesten Bewohner der Region, Natur Algarve. Auf seine Initiative hin oder sein Sohn, gr\u00fcndete er die Kapelle Nossa Senhora da Concei\u00e7\u00e3o, in 1553, um die sich das Dorf Porto Moniz wuchs. Die Denkm\u00e4ler steht die Festung von St. Johannes der T\u00e4ufer aus, der 1887 Brunnen, die Pfarrkirche und die Kommunikation Leuchtturm im zwanzigsten Jahrhundert (Farolim die Insel Mole).<\/p>\n<p>Durch das Jahrhundert. XVIII ist die Region gewidmet Vieh, Getreideproduktion und Holzbringung, nachdem die Kartoffel und Weinbau Vernetzung.<\/p>\n<p>Finden Sie die sch\u00f6nsten Naturschwimmbecken von Salzwasser in der Welt, einschlie\u00dflich der von der britischen Zeitung \u201eThe Guardian\u201c als die beste Solebad in Europa betrachtet.<\/p>\n<\/div><div class=\"fusion-clearfix\"><\/div><\/div><\/div><div class=\"fusion-layout-column fusion_builder_column fusion-builder-column-2 fusion_builder_column_1_6 1_6 fusion-one-sixth fusion-column-last fusion-no-small-visibility fusion-no-medium-visibility\" style=\"--awb-padding-top:10%;--awb-padding-right:10%;--awb-padding-bottom:10%;--awb-padding-left:10%;--awb-bg-size:cover;width:13.3333%;\"><div class=\"fusion-column-wrapper fusion-flex-column-wrapper-legacy\"><div class=\"fusion-clearfix\"><\/div><\/div><\/div><\/div><\/div><div class=\"fusion-fullwidth fullwidth-box fusion-builder-row-2 nonhundred-percent-fullwidth non-hundred-percent-height-scrolling fusion-equal-height-columns\" style=\"--awb-background-position:left top;--awb-border-sizes-top:0px;--awb-border-sizes-bottom:0px;--awb-border-sizes-left:0px;--awb-border-sizes-right:0px;--awb-border-radius-top-left:0px;--awb-border-radius-top-right:0px;--awb-border-radius-bottom-right:0px;--awb-border-radius-bottom-left:0px;--awb-padding-top:80px;--awb-padding-bottom:80px;--awb-background-color:#f4f6f8;\" ><div class=\"fusion-builder-row fusion-row\"><div class=\"fusion-layout-column fusion_builder_column fusion-builder-column-3 fusion_builder_column_1_1 1_1 fusion-one-full fusion-column-first fusion-column-last fusion-column-no-min-height\" style=\"--awb-bg-size:cover;--awb-margin-bottom:0px;\"><div class=\"fusion-column-wrapper fusion-flex-column-wrapper-legacy\"><div class=\"fusion-text fusion-text-3\"><h2 style=\"text-align: center;\">Orte zu gehen<\/h2>\n<\/div><div class=\"fusion-sep-clear\"><\/div><div class=\"fusion-separator\" style=\"margin-left: auto;margin-right: auto;margin-top:0px;margin-bottom:40px;width:100%;max-width:80px;\"><div class=\"fusion-separator-border sep-single sep-solid\" style=\"--awb-height:20px;--awb-amount:20px;--awb-sep-color:#026937;border-color:#026937;border-top-width:2px;\"><\/div><\/div><div class=\"fusion-sep-clear\"><\/div><div class=\"fusion-clearfix\"><\/div><\/div><\/div><div class=\"fusion-layout-column fusion_builder_column fusion-builder-column-4 fusion_builder_column_1_3 1_3 fusion-one-third fusion-column-first activitycard\" style=\"--awb-padding-bottom:0px;--awb-bg-size:cover;width:30.6666%; margin-right: 4%;\"><div class=\"fusion-column-wrapper fusion-flex-column-wrapper-legacy\"><div class=\"fusion-image-element in-legacy-container\" style=\"--awb-caption-title-font-family:var(--h2_typography-font-family);--awb-caption-title-font-weight:var(--h2_typography-font-weight);--awb-caption-title-font-style:var(--h2_typography-font-style);--awb-caption-title-size:var(--h2_typography-font-size);--awb-caption-title-transform:var(--h2_typography-text-transform);--awb-caption-title-line-height:var(--h2_typography-line-height);--awb-caption-title-letter-spacing:var(--h2_typography-letter-spacing);\"><span class=\" fusion-imageframe imageframe-none imageframe-1 hover-type-none\" class=\"image-scroll\"><a href=\"https:\/\/salgueiroportomoniz.com\/wp-content\/uploads\/2015\/02\/piscinas-porto-moniz.jpg\" class=\"fusion-lightbox\" data-rel=\"iLightbox[pontosinteresse]\" data-title=\"piscinas-porto-moniz\" title=\"piscinas-porto-moniz\"><img decoding=\"async\" width=\"1000\" height=\"667\" alt=\"nat\u00fcrliche Pools Porto Moniz\" src=\"https:\/\/salgueiroportomoniz.com\/wp-content\/uploads\/2015\/02\/piscinas-porto-moniz.jpg\" class=\"img-responsive wp-image-3436\" srcset=\"https:\/\/salgueiroportomoniz.com\/wp-content\/uploads\/2015\/02\/piscinas-porto-moniz-200x133.jpg 200w, https:\/\/salgueiroportomoniz.com\/wp-content\/uploads\/2015\/02\/piscinas-porto-moniz-400x267.jpg 400w, https:\/\/salgueiroportomoniz.com\/wp-content\/uploads\/2015\/02\/piscinas-porto-moniz-600x400.jpg 600w, https:\/\/salgueiroportomoniz.com\/wp-content\/uploads\/2015\/02\/piscinas-porto-moniz-800x534.jpg 800w, https:\/\/salgueiroportomoniz.com\/wp-content\/uploads\/2015\/02\/piscinas-porto-moniz.jpg 1000w\" sizes=\"(max-width: 1000px) 100vw, 400px\" \/><\/a><\/span><\/div><div class=\"fusion-text fusion-text-4\"><h3 style=\"text-align: center; padding-left: 20px; padding-right: 20px;\">nat\u00fcrliche Pools<\/h3>\n<\/div><div class=\"fusion-text fusion-text-5\"><div style=\"padding: 0 20px 20px 20px; display: block;\">Die nat\u00fcrlichen Pools von Porto Moniz sind der gro\u00dfe \u201eExlibris\u201c des Dorfes Porto Moniz. Die nat\u00fcrlichen Salzwasser -Pools sind aus vulkanischen Gesteinen zusammengesetzt , wo das Meer nat\u00fcrlich kommt. Der Raum, der eine Fl\u00e4che von 3.800 m\u00b2 hat, verf\u00fcgt auch \u00fcber ein Kinderbecken , Spielplatz und Zugang f\u00fcr Behinderte.<\/div>\n<\/div><div class=\"fusion-clearfix\"><\/div><\/div><\/div><div class=\"fusion-layout-column fusion_builder_column fusion-builder-column-5 fusion_builder_column_1_3 1_3 fusion-one-third activitycard\" style=\"--awb-padding-bottom:0px;--awb-bg-size:cover;width:30.6666%; margin-right: 4%;\"><div class=\"fusion-column-wrapper fusion-flex-column-wrapper-legacy\"><div class=\"fusion-image-element in-legacy-container\" style=\"--awb-caption-title-font-family:var(--h2_typography-font-family);--awb-caption-title-font-weight:var(--h2_typography-font-weight);--awb-caption-title-font-style:var(--h2_typography-font-style);--awb-caption-title-size:var(--h2_typography-font-size);--awb-caption-title-transform:var(--h2_typography-text-transform);--awb-caption-title-line-height:var(--h2_typography-line-height);--awb-caption-title-letter-spacing:var(--h2_typography-letter-spacing);\"><span class=\" fusion-imageframe imageframe-none imageframe-2 hover-type-none\" class=\"image-scroll\"><a href=\"https:\/\/salgueiroportomoniz.com\/wp-content\/uploads\/2015\/02\/aquario-da-madeira.jpg\" class=\"fusion-lightbox\" data-rel=\"iLightbox[pontosinteresse]\" data-title=\"aquario-da-madeira\" title=\"aquario-da-madeira\"><img decoding=\"async\" width=\"1000\" height=\"668\" alt=\"Madeira Aquarium Porto Moniz\" src=\"https:\/\/salgueiroportomoniz.com\/wp-content\/uploads\/2015\/02\/aquario-da-madeira.jpg\" class=\"img-responsive wp-image-3432\" srcset=\"https:\/\/salgueiroportomoniz.com\/wp-content\/uploads\/2015\/02\/aquario-da-madeira-200x134.jpg 200w, https:\/\/salgueiroportomoniz.com\/wp-content\/uploads\/2015\/02\/aquario-da-madeira-400x267.jpg 400w, https:\/\/salgueiroportomoniz.com\/wp-content\/uploads\/2015\/02\/aquario-da-madeira-600x401.jpg 600w, https:\/\/salgueiroportomoniz.com\/wp-content\/uploads\/2015\/02\/aquario-da-madeira-800x534.jpg 800w, https:\/\/salgueiroportomoniz.com\/wp-content\/uploads\/2015\/02\/aquario-da-madeira.jpg 1000w\" sizes=\"(max-width: 1000px) 100vw, 400px\" \/><\/a><\/span><\/div><div class=\"fusion-text fusion-text-6\"><h3 style=\"text-align: center; padding-left: 20px; padding-right: 20px;\">Madeira Aquarium<\/h3>\n<\/div><div class=\"fusion-text fusion-text-7\"><div style=\"padding: 0 20px 20px 20px; display: block;\"><span style=\"font-weight: 400;\">Madeira Aquarium, das Dorf von Porto Moniz, welche den verschiedenen &#8222;Lebensr\u00e4ume&#8220; die madeirensischer Meereswelt, mehr als 12 Panzer.<\/span><\/div>\n<\/div><div class=\"fusion-clearfix\"><\/div><\/div><\/div><div class=\"fusion-layout-column fusion_builder_column fusion-builder-column-6 fusion_builder_column_1_3 1_3 fusion-one-third fusion-column-last activitycard\" style=\"--awb-bg-size:cover;width:30.6666%;\"><div class=\"fusion-column-wrapper fusion-flex-column-wrapper-legacy\"><div class=\"fusion-image-element in-legacy-container\" style=\"--awb-caption-title-font-family:var(--h2_typography-font-family);--awb-caption-title-font-weight:var(--h2_typography-font-weight);--awb-caption-title-font-style:var(--h2_typography-font-style);--awb-caption-title-size:var(--h2_typography-font-size);--awb-caption-title-transform:var(--h2_typography-text-transform);--awb-caption-title-line-height:var(--h2_typography-line-height);--awb-caption-title-letter-spacing:var(--h2_typography-letter-spacing);\"><span class=\" fusion-imageframe imageframe-none imageframe-3 hover-type-none\" class=\"image-scroll\"><a href=\"https:\/\/salgueiroportomoniz.com\/wp-content\/uploads\/2015\/02\/miradouro-da-santa.jpg\" class=\"fusion-lightbox\" data-rel=\"iLightbox[pontosinteresse]\" data-title=\"miradouro-da-santa\" title=\"miradouro-da-santa\"><img decoding=\"async\" width=\"1000\" height=\"665\" alt=\"Aussichtspunkt von Santa\" src=\"https:\/\/salgueiroportomoniz.com\/wp-content\/uploads\/2015\/02\/miradouro-da-santa.jpg\" class=\"img-responsive wp-image-3444\" srcset=\"https:\/\/salgueiroportomoniz.com\/wp-content\/uploads\/2015\/02\/miradouro-da-santa-200x133.jpg 200w, https:\/\/salgueiroportomoniz.com\/wp-content\/uploads\/2015\/02\/miradouro-da-santa-400x266.jpg 400w, https:\/\/salgueiroportomoniz.com\/wp-content\/uploads\/2015\/02\/miradouro-da-santa-600x399.jpg 600w, https:\/\/salgueiroportomoniz.com\/wp-content\/uploads\/2015\/02\/miradouro-da-santa-800x532.jpg 800w, https:\/\/salgueiroportomoniz.com\/wp-content\/uploads\/2015\/02\/miradouro-da-santa.jpg 1000w\" sizes=\"(max-width: 1000px) 100vw, 400px\" \/><\/a><\/span><\/div><div class=\"fusion-text fusion-text-8\"><h3 style=\"text-align: center; padding-left: 20px; padding-right: 20px;\">Aussichtspunkt von Santa<\/h3>\n<\/div><div class=\"fusion-text fusion-text-9\"><div style=\"padding: 0 20px 20px 20px; display: block;\"><span style=\"font-weight: 400;\">Der Aussichtspunkt von Santa bietet einen sch\u00f6nen Blick auf das Dorf von Porto Moniz, der Lage, die nat\u00fcrlichen Pools von oben gesehen zu beobachten, und auch der kleinen Insel Mole.<\/span><\/div>\n<\/div><div class=\"fusion-clearfix\"><\/div><\/div><\/div><\/div><\/div><div class=\"fusion-bg-parallax\" data-bg-align=\"center bottom\" data-direction=\"up\" data-mute=\"false\" data-opacity=\"100\" data-velocity=\"-0.3\" data-mobile-enabled=\"false\" data-break_parents=\"0\" data-bg-image=\"https:\/\/salgueiroportomoniz.com\/wp-content\/uploads\/2015\/04\/2020-salgueiro-quarto-suite-10-PRN_4470.jpg\" data-bg-repeat=\"false\" ><\/div><div class=\"fusion-fullwidth fullwidth-box fusion-builder-row-3 fusion-parallax-up nonhundred-percent-fullwidth non-hundred-percent-height-scrolling\" style=\"--awb-background-position:center bottom;--awb-border-sizes-top:0px;--awb-border-sizes-bottom:0px;--awb-border-sizes-left:0px;--awb-border-sizes-right:0px;--awb-border-radius-top-left:0px;--awb-border-radius-top-right:0px;--awb-border-radius-bottom-right:0px;--awb-border-radius-bottom-left:0px;--awb-padding-top:100px;--awb-padding-bottom:80px;--awb-background-image:url(&quot;https:\/\/salgueiroportomoniz.com\/wp-content\/uploads\/2015\/04\/2020-salgueiro-quarto-suite-10-PRN_4470.jpg&quot;);--awb-background-size:cover;\" ><div class=\"fusion-builder-row fusion-row\"><div class=\"fusion-layout-column fusion_builder_column fusion-builder-column-7 fusion_builder_column_1_6 1_6 fusion-one-sixth fusion-column-first fusion-no-small-visibility\" style=\"--awb-padding-top:10%;--awb-padding-right:10%;--awb-padding-bottom:10%;--awb-padding-left:10%;--awb-bg-size:cover;width:13.3333%; margin-right: 4%;\"><div class=\"fusion-column-wrapper fusion-flex-column-wrapper-legacy\"><div class=\"fusion-clearfix\"><\/div><\/div><\/div><div class=\"fusion-layout-column fusion_builder_column fusion-builder-column-8 fusion_builder_column_2_3 2_3 fusion-two-third\" style=\"--awb-padding-top:5%;--awb-padding-right:5%;--awb-padding-bottom:5%;--awb-padding-left:5%;--awb-bg-color:rgba(255,255,255,.7);--awb-bg-color-hover:rgba(255,255,255,.7);--awb-bg-size:cover;width:65.3333%; margin-right: 4%;\"><div class=\"fusion-column-wrapper fusion-flex-column-wrapper-legacy\"><div class=\"fusion-text fusion-text-10\"><h2 style=\"text-align: center;\">Ben\u00f6tigen Sie Unterkunft?<\/h2>\n<\/div><div class=\"fusion-aligncenter\"><a class=\"fusion-button button-flat fusion-button-default-size button-default fusion-button-default button-1 fusion-button-default-span fusion-button-default-type\" target=\"_self\" href=\"\/de\/#accommodations\"><span class=\"fusion-button-text\">MEHR INFO<\/span><\/a><\/div><div class=\"fusion-clearfix\"><\/div><\/div><\/div><div class=\"fusion-layout-column fusion_builder_column fusion-builder-column-9 fusion_builder_column_1_6 1_6 fusion-one-sixth fusion-column-last\" style=\"--awb-padding-top:10%;--awb-padding-right:10%;--awb-padding-bottom:10%;--awb-padding-left:10%;--awb-bg-size:cover;width:13.3333%;\"><div class=\"fusion-column-wrapper fusion-flex-column-wrapper-legacy\"><div class=\"fusion-clearfix\"><\/div><\/div><\/div><\/div><\/div><\/p>\n","protected":false},"excerpt":{"rendered":"","protected":false},"author":1,"featured_media":2038,"parent":0,"menu_order":0,"comment_status":"open","ping_status":"open","template":"100-width.php","meta":[],"_links":{"self":[{"href":"https:\/\/salgueiroportomoniz.com\/de\/wp-json\/wp\/v2\/pages\/2203"}],"collection":[{"href":"https:\/\/salgueiroportomoniz.com\/de\/wp-json\/wp\/v2\/pages"}],"about":[{"href":"https:\/\/salgueiroportomoniz.com\/de\/wp-json\/wp\/v2\/types\/page"}],"author":[{"embeddable":true,"href":"https:\/\/salgueiroportomoniz.com\/de\/wp-json\/wp\/v2\/users\/1"}],"replies":[{"embeddable":true,"href":"https:\/\/salgueiroportomoniz.com\/de\/wp-json\/wp\/v2\/comments?post=2203"}],"version-history":[{"count":1,"href":"https:\/\/salgueiroportomoniz.com\/de\/wp-json\/wp\/v2\/pages\/2203\/revisions"}],"predecessor-version":[{"id":3813,"href":"https:\/\/salgueiroportomoniz.com\/de\/wp-json\/wp\/v2\/pages\/2203\/revisions\/3813"}],"wp:featuredmedia":[{"embeddable":true,"href":"https:\/\/salgueiroportomoniz.com\/de\/wp-json\/wp\/v2\/media\/2038"}],"wp:attachment":[{"href":"https:\/\/salgueiroportomoniz.com\/de\/wp-json\/wp\/v2\/media?parent=2203"}],"curies":[{"name":"wp","href":"https:\/\/api.w.org\/{rel}","templated":true}]}}