{"id":2199,"date":"2015-01-19T15:16:37","date_gmt":"2015-01-19T15:16:37","guid":{"rendered":"https:\/\/salgueiroportomoniz.com\/home\/"},"modified":"2020-12-03T12:27:24","modified_gmt":"2020-12-03T12:27:24","slug":"home","status":"publish","type":"page","link":"https:\/\/salgueiroportomoniz.com\/es\/","title":{"rendered":"Home"},"content":{"rendered":"<p><div id=\"about\" class=\"fusion-container-anchor\"><div class=\"fusion-fullwidth fullwidth-box fusion-builder-row-1 nonhundred-percent-fullwidth non-hundred-percent-height-scrolling fusion-equal-height-columns\" style=\"--awb-background-position:left top;--awb-border-sizes-top:0px;--awb-border-sizes-bottom:0px;--awb-border-sizes-left:0px;--awb-border-sizes-right:0px;--awb-border-radius-top-left:0px;--awb-border-radius-top-right:0px;--awb-border-radius-bottom-right:0px;--awb-border-radius-bottom-left:0px;--awb-padding-top:0px;--awb-padding-bottom:0px;\" ><div class=\"fusion-builder-row fusion-row\"><div class=\"fusion-layout-column fusion_builder_column fusion-builder-column-0 fusion_builder_column_2_3 2_3 fusion-two-third fusion-column-first\" style=\"--awb-padding-top:80px;--awb-padding-right:0px;--awb-bg-position:right bottom;--awb-bg-size:cover;\"><div class=\"fusion-column-wrapper fusion-flex-column-wrapper-legacy\"><div class=\"fusion-text fusion-text-1\"><h2 style=\"text-align: center;\">Sobre el Hotel<\/h2>\n<\/div><div class=\"fusion-sep-clear\"><\/div><div class=\"fusion-separator\" style=\"margin-left: auto;margin-right: auto;margin-top:0px;margin-bottom:40px;width:100%;max-width:80px;\"><div class=\"fusion-separator-border sep-single sep-solid\" style=\"--awb-height:20px;--awb-amount:20px;--awb-sep-color:#026937;border-color:#026937;border-top-width:2px;\"><\/div><\/div><div class=\"fusion-sep-clear\"><\/div><div class=\"fusion-text fusion-text-2\"><p>Situado en la zona noble de Porto Moniz, el Hotel Salgueiro dispone de las condiciones ideales para que pueda pasar unos d\u00edas relajantes en el norte de la isla de Madeira. Ideal para quienes deseen disfrutar de las piscinas naturales de Porto Moniz y del entorno.<\/p>\n<p>El hotel ofrece maravillosas vistas al mar y una ubicaci\u00f3n c\u00e9ntrica en Porto Moniz, desde la que podr\u00e1 acceder a los puntos de inter\u00e9s cercanos.<\/p>\n<\/div><div class=\"fusion-sep-clear\"><\/div><div class=\"fusion-separator fusion-full-width-sep\" style=\"margin-left: auto;margin-right: auto;margin-top:10px;width:100%;\"><\/div><div class=\"fusion-sep-clear\"><\/div><div class=\"fusion-aligncenter\"><a class=\"fusion-button button-flat button-large button-default fusion-button-default button-1 fusion-button-default-span \" target=\"_self\" href=\"\/es\/puntos-de-interes-en-porto-moniz\/\"><span class=\"fusion-button-text\">Puntos de inter\u00e9s<\/span><i class=\" fa fa-angle-right button-icon-right\" aria-hidden=\"true\"><\/i><\/a><\/div><div class=\"fusion-sep-clear\"><\/div><div class=\"fusion-separator fusion-full-width-sep\" style=\"margin-left: auto;margin-right: auto;margin-top:65px;width:100%;\"><\/div><div class=\"fusion-sep-clear\"><\/div><div class=\"fusion-clearfix\"><\/div><\/div><\/div><\/div><\/div><\/div><div class=\"fusion-fullwidth fullwidth-box fusion-builder-row-2 hundred-percent-fullwidth non-hundred-percent-height-scrolling\" style=\"--awb-border-radius-top-left:0px;--awb-border-radius-top-right:0px;--awb-border-radius-bottom-right:0px;--awb-border-radius-bottom-left:0px;--awb-overflow:visible;--awb-margin-top:-23px;\" ><div class=\"fusion-builder-row fusion-row\"><div class=\"fusion-layout-column fusion_builder_column fusion-builder-column-1 fusion_builder_column_1_1 1_1 fusion-one-full fusion-column-first fusion-column-last fusion-column-no-min-height\" style=\"--awb-bg-size:cover;--awb-margin-bottom:0px;\"><div class=\"fusion-column-wrapper fusion-flex-column-wrapper-legacy\"><div class=\"fusion-sep-clear\"><\/div><div class=\"fusion-separator fusion-full-width-sep\" style=\"margin-left: auto;margin-right: auto;width:100%;\"><\/div><div class=\"fusion-sep-clear\"><\/div><div class=\"fusion-clearfix\"><\/div><\/div><\/div><\/div><\/div><div id=\"accommodations\" class=\"fusion-container-anchor\"><div class=\"fusion-fullwidth fullwidth-box fusion-builder-row-3 nonhundred-percent-fullwidth non-hundred-percent-height-scrolling fusion-equal-height-columns\" style=\"--awb-background-position:center top;--awb-border-sizes-top:0px;--awb-border-sizes-bottom:0px;--awb-border-sizes-left:0px;--awb-border-sizes-right:0px;--awb-border-radius-top-left:0px;--awb-border-radius-top-right:0px;--awb-border-radius-bottom-right:0px;--awb-border-radius-bottom-left:0px;--awb-padding-top:80px;--awb-padding-bottom:80px;--awb-background-color:#f4f6f8;\" ><div class=\"fusion-builder-row fusion-row\"><div class=\"fusion-layout-column fusion_builder_column fusion-builder-column-2 fusion_builder_column_1_1 1_1 fusion-one-full fusion-column-first fusion-column-last fusion-column-no-min-height\" style=\"--awb-bg-size:cover;--awb-margin-bottom:0px;\"><div class=\"fusion-column-wrapper fusion-flex-column-wrapper-legacy\"><div class=\"fusion-text fusion-text-3\"><h2 style=\"text-align: center;\">Alojamiento<\/h2>\n<\/div><div class=\"fusion-sep-clear\"><\/div><div class=\"fusion-separator\" style=\"margin-left: auto;margin-right: auto;margin-top:0px;margin-bottom:60px;width:100%;max-width:80px;\"><div class=\"fusion-separator-border sep-single sep-solid\" style=\"--awb-height:20px;--awb-amount:20px;--awb-sep-color:#026937;border-color:#026937;border-top-width:2px;\"><\/div><\/div><div class=\"fusion-sep-clear\"><\/div><div class=\"fusion-clearfix\"><\/div><\/div><\/div><div class=\"fusion-layout-column fusion_builder_column fusion-builder-column-3 fusion_builder_column_1_2 1_2 fusion-one-half fusion-column-first accommodations-block\" style=\"--awb-padding-top:0px;--awb-padding-right:0px;--awb-padding-bottom:60px;--awb-padding-left:0px;--awb-bg-color:#ffffff;--awb-bg-color-hover:#ffffff;--awb-bg-position:center top;--awb-bg-size:cover;width:48%; margin-right: 4%;\"><div class=\"fusion-column-wrapper fusion-flex-column-wrapper-legacy\"><div class=\"fusion-image-element in-legacy-container\" style=\"--awb-caption-title-font-family:var(--h2_typography-font-family);--awb-caption-title-font-weight:var(--h2_typography-font-weight);--awb-caption-title-font-style:var(--h2_typography-font-style);--awb-caption-title-size:var(--h2_typography-font-size);--awb-caption-title-transform:var(--h2_typography-text-transform);--awb-caption-title-line-height:var(--h2_typography-line-height);--awb-caption-title-letter-spacing:var(--h2_typography-letter-spacing);\"><span class=\" fusion-imageframe imageframe-none imageframe-1 hover-type-none\" class=\"image-scroll\"><a class=\"fusion-no-lightbox\" href=\"\/es\/habitacion-doble\/\" target=\"_self\" aria-label=\"charset=Ascii\"><img decoding=\"async\" width=\"2000\" height=\"1335\" src=\"https:\/\/salgueiroportomoniz.com\/wp-content\/uploads\/2020\/12\/2020-salgueiro-quarto-duplo-02-PRN_4533.jpg\" alt class=\"img-responsive wp-image-3787\" srcset=\"https:\/\/salgueiroportomoniz.com\/wp-content\/uploads\/2020\/12\/2020-salgueiro-quarto-duplo-02-PRN_4533-200x134.jpg 200w, https:\/\/salgueiroportomoniz.com\/wp-content\/uploads\/2020\/12\/2020-salgueiro-quarto-duplo-02-PRN_4533-400x267.jpg 400w, https:\/\/salgueiroportomoniz.com\/wp-content\/uploads\/2020\/12\/2020-salgueiro-quarto-duplo-02-PRN_4533-600x401.jpg 600w, https:\/\/salgueiroportomoniz.com\/wp-content\/uploads\/2020\/12\/2020-salgueiro-quarto-duplo-02-PRN_4533-800x534.jpg 800w, https:\/\/salgueiroportomoniz.com\/wp-content\/uploads\/2020\/12\/2020-salgueiro-quarto-duplo-02-PRN_4533-1200x801.jpg 1200w, https:\/\/salgueiroportomoniz.com\/wp-content\/uploads\/2020\/12\/2020-salgueiro-quarto-duplo-02-PRN_4533.jpg 2000w\" sizes=\"(max-width: 1000px) 100vw, 600px\" \/><\/a><\/span><\/div><div class=\"fusion-text fusion-text-4\"><h3 style=\"text-align: center; margin-bottom: 10px;\"><strong>Habitaci\u00f3n Doble<\/strong><\/h3>\n<\/div><div class=\"fusion-sep-clear\"><\/div><div class=\"fusion-separator\" style=\"margin-left: auto;margin-right: auto;margin-top:0px;margin-bottom:15px;width:100%;max-width:30px;\"><div class=\"fusion-separator-border sep-single sep-solid\" style=\"--awb-height:20px;--awb-amount:20px;--awb-sep-color:#026937;border-color:#026937;border-top-width:2px;\"><\/div><\/div><div class=\"fusion-sep-clear\"><\/div><div class=\"fusion-text fusion-text-5\"><div style=\"padding-left: 20px; padding-right: 20px;\">\n<p style=\"text-align: center; font-size: 0.9rem; line-height: 1.25rem;\"><span style=\"font-weight: 400;\">Balc\u00f3n, Vistas al mar, Vistas a la monta\u00f1a, Desayuno incluido.<\/span><\/p>\n<\/div>\n<\/div><div class=\"fusion-sep-clear\"><\/div><div class=\"fusion-separator fusion-no-small-visibility fusion-full-width-sep\" style=\"margin-left: auto;margin-right: auto;margin-bottom:60px;width:100%;\"><\/div><div class=\"fusion-sep-clear\"><\/div><div class=\"fusion-aligncenter\"><a class=\"fusion-button button-flat button-large button-default fusion-button-default button-2 fusion-button-default-span morebtn\" target=\"_self\" href=\"https:\/\/salgueiroportomoniz.com\/es\/habitacion-doble\/\"><span class=\"fusion-button-text\">VER DETALLES<\/span><i class=\" fa fa-angle-right button-icon-right\" aria-hidden=\"true\"><\/i><\/a><\/div><div class=\"fusion-clearfix\"><\/div><\/div><\/div><div class=\"fusion-layout-column fusion_builder_column fusion-builder-column-4 fusion_builder_column_1_2 1_2 fusion-one-half fusion-column-last accommodations-block\" style=\"--awb-padding-top:0px;--awb-padding-right:0px;--awb-padding-bottom:60px;--awb-padding-left:0px;--awb-bg-color:#ffffff;--awb-bg-color-hover:#ffffff;--awb-bg-position:center top;--awb-bg-size:cover;width:48%;\"><div class=\"fusion-column-wrapper fusion-flex-column-wrapper-legacy\"><div class=\"fusion-image-element in-legacy-container\" style=\"--awb-caption-title-font-family:var(--h2_typography-font-family);--awb-caption-title-font-weight:var(--h2_typography-font-weight);--awb-caption-title-font-style:var(--h2_typography-font-style);--awb-caption-title-size:var(--h2_typography-font-size);--awb-caption-title-transform:var(--h2_typography-text-transform);--awb-caption-title-line-height:var(--h2_typography-line-height);--awb-caption-title-letter-spacing:var(--h2_typography-letter-spacing);\"><span class=\" fusion-imageframe imageframe-none imageframe-2 hover-type-none\" class=\"image-scroll\"><a class=\"fusion-no-lightbox\" href=\"\/es\/habitacion-suite\/\" target=\"_self\" aria-label=\"charset=Ascii\"><img decoding=\"async\" width=\"2000\" height=\"1335\" src=\"https:\/\/salgueiroportomoniz.com\/wp-content\/uploads\/2015\/04\/2020-salgueiro-quarto-suite-10-PRN_4470.jpg\" alt class=\"img-responsive wp-image-3660\" srcset=\"https:\/\/salgueiroportomoniz.com\/wp-content\/uploads\/2015\/04\/2020-salgueiro-quarto-suite-10-PRN_4470-200x134.jpg 200w, https:\/\/salgueiroportomoniz.com\/wp-content\/uploads\/2015\/04\/2020-salgueiro-quarto-suite-10-PRN_4470-400x267.jpg 400w, https:\/\/salgueiroportomoniz.com\/wp-content\/uploads\/2015\/04\/2020-salgueiro-quarto-suite-10-PRN_4470-600x401.jpg 600w, https:\/\/salgueiroportomoniz.com\/wp-content\/uploads\/2015\/04\/2020-salgueiro-quarto-suite-10-PRN_4470-800x534.jpg 800w, https:\/\/salgueiroportomoniz.com\/wp-content\/uploads\/2015\/04\/2020-salgueiro-quarto-suite-10-PRN_4470-1200x801.jpg 1200w, https:\/\/salgueiroportomoniz.com\/wp-content\/uploads\/2015\/04\/2020-salgueiro-quarto-suite-10-PRN_4470.jpg 2000w\" sizes=\"(max-width: 1000px) 100vw, 600px\" \/><\/a><\/span><\/div><div class=\"fusion-text fusion-text-6\"><h3 style=\"text-align: center; margin-bottom: 10px;\"><strong>Habitaci\u00f3n Suite<\/strong><\/h3>\n<\/div><div class=\"fusion-sep-clear\"><\/div><div class=\"fusion-separator\" style=\"margin-left: auto;margin-right: auto;margin-top:0px;margin-bottom:15px;width:100%;max-width:30px;\"><div class=\"fusion-separator-border sep-single sep-solid\" style=\"--awb-height:20px;--awb-amount:20px;--awb-sep-color:#026937;border-color:#026937;border-top-width:2px;\"><\/div><\/div><div class=\"fusion-sep-clear\"><\/div><div class=\"fusion-text fusion-text-7\"><div style=\"padding-left: 20px; padding-right: 20px;\">\n<p style=\"text-align: center; font-size: 0.9rem; line-height: 1.25rem;\"><span style=\"font-weight: 400;\">Vista al mar, Sala de estar, Desayuno incluido.<\/span><\/p>\n<\/div>\n<\/div><div class=\"fusion-sep-clear\"><\/div><div class=\"fusion-separator fusion-no-small-visibility fusion-full-width-sep\" style=\"margin-left: auto;margin-right: auto;margin-bottom:60px;width:100%;\"><\/div><div class=\"fusion-sep-clear\"><\/div><div class=\"fusion-aligncenter\"><a class=\"fusion-button button-flat button-large button-default fusion-button-default button-3 fusion-button-default-span \" target=\"_self\" href=\"https:\/\/salgueiroportomoniz.com\/es\/habitacion-suite\/\"><span class=\"fusion-button-text\">VER DETALLES<\/span><i class=\" fa fa-angle-right button-icon-right\" aria-hidden=\"true\"><\/i><\/a><\/div><div class=\"fusion-clearfix\"><\/div><\/div><\/div><\/div><\/div><\/div><div class=\"fusion-fullwidth fullwidth-box fusion-builder-row-4 hundred-percent-fullwidth non-hundred-percent-height-scrolling fusion-equal-height-columns\" style=\"--awb-background-position:left top;--awb-border-sizes-top:0px;--awb-border-sizes-bottom:0px;--awb-border-sizes-left:0px;--awb-border-sizes-right:0px;--awb-border-radius-top-left:0px;--awb-border-radius-top-right:0px;--awb-border-radius-bottom-right:0px;--awb-border-radius-bottom-left:0px;--awb-padding-top:0px;--awb-padding-right:0px;--awb-padding-bottom:0px;--awb-padding-left:0px;--awb-margin-top:0px;--awb-margin-bottom:0px;\" ><div class=\"fusion-builder-row fusion-row\"><div class=\"fusion-layout-column fusion_builder_column fusion-builder-column-5 fusion_builder_column_1_2 1_2 fusion-one-half fusion-column-first\" style=\"--awb-padding-top:40px;--awb-padding-bottom:40px;--awb-bg-position:right bottom;--awb-bg-size:cover;--awb-margin-bottom:0px;\"><div class=\"fusion-column-wrapper fusion-flex-column-wrapper-legacy\"><div class=\"fusion-column-content-centered\"><div class=\"fusion-column-content\"><div class=\"fusion-text fusion-text-8\"><h2 style=\"text-align: center;\">Restaurante<\/h2>\n<\/div><div class=\"fusion-sep-clear\"><\/div><div class=\"fusion-separator\" style=\"margin-left: auto;margin-right: auto;margin-top:0px;margin-bottom:20px;width:100%;max-width:80px;\"><div class=\"fusion-separator-border sep-single sep-solid\" style=\"--awb-height:20px;--awb-amount:20px;--awb-sep-color:#026937;border-color:#026937;border-top-width:2px;\"><\/div><\/div><div class=\"fusion-sep-clear\"><\/div><div class=\"fusion-text fusion-text-9\"><p style=\"text-align: center;\">Disfrute de comidas deliciosas con vista al mar<\/p>\n<\/div><div class=\"fusion-sep-clear\"><\/div><div class=\"fusion-separator fusion-full-width-sep\" style=\"margin-left: auto;margin-right: auto;margin-top:12px;width:100%;\"><\/div><div class=\"fusion-sep-clear\"><\/div><div class=\"fusion-aligncenter\"><a class=\"fusion-button button-flat button-large button-default fusion-button-default button-4 fusion-button-default-span \" target=\"_self\" href=\"http:\/\/salgueiroportomoniz.com\/es\/restaurante-salgueiro\/\"><span class=\"fusion-button-text\">SABER MAS<\/span><i class=\" fa fa-angle-right button-icon-right\" aria-hidden=\"true\"><\/i><\/a><\/div><\/div><\/div><div class=\"fusion-clearfix\"><\/div><\/div><\/div><div class=\"fusion-layout-column fusion_builder_column fusion-builder-column-6 fusion_builder_column_1_2 1_2 fusion-one-half fusion-column-last\" style=\"--awb-padding-top:0px;--awb-padding-right:0px;--awb-padding-bottom:0px;--awb-padding-left:0px;--awb-bg-color:#ffffff;--awb-bg-color-hover:#ffffff;--awb-bg-position:center center;--awb-bg-size:cover;--awb-border-color:#ebeef1;--awb-border-top:0;--awb-border-right:0;--awb-border-bottom:0;--awb-border-left:0;--awb-border-style:solid;--awb-margin-bottom:0px;\"><div class=\"fusion-column-wrapper fusion-flex-column-wrapper-legacy\"><div class=\"fusion-image-element in-legacy-container\" style=\"--awb-caption-title-font-family:var(--h2_typography-font-family);--awb-caption-title-font-weight:var(--h2_typography-font-weight);--awb-caption-title-font-style:var(--h2_typography-font-style);--awb-caption-title-size:var(--h2_typography-font-size);--awb-caption-title-transform:var(--h2_typography-text-transform);--awb-caption-title-line-height:var(--h2_typography-line-height);--awb-caption-title-letter-spacing:var(--h2_typography-letter-spacing);\"><span class=\" fusion-imageframe imageframe-none imageframe-3 hover-type-none\" class=\"image-magnify\" class=\"image-scroll\"><img decoding=\"async\" width=\"2000\" height=\"1335\" alt=\"Restaurante Snack-Bar Salgueiro\" title=\"restaurant-1\" src=\"https:\/\/salgueiroportomoniz.com\/wp-content\/uploads\/2017\/07\/restaurant-1.jpg\" class=\"img-responsive wp-image-3397\" srcset=\"https:\/\/salgueiroportomoniz.com\/wp-content\/uploads\/2017\/07\/restaurant-1-200x134.jpg 200w, https:\/\/salgueiroportomoniz.com\/wp-content\/uploads\/2017\/07\/restaurant-1-400x267.jpg 400w, https:\/\/salgueiroportomoniz.com\/wp-content\/uploads\/2017\/07\/restaurant-1-600x401.jpg 600w, https:\/\/salgueiroportomoniz.com\/wp-content\/uploads\/2017\/07\/restaurant-1-800x534.jpg 800w, https:\/\/salgueiroportomoniz.com\/wp-content\/uploads\/2017\/07\/restaurant-1-1200x801.jpg 1200w, https:\/\/salgueiroportomoniz.com\/wp-content\/uploads\/2017\/07\/restaurant-1.jpg 2000w\" sizes=\"(max-width: 1000px) 100vw, 600px\" \/><\/span><\/div><div class=\"fusion-clearfix\"><\/div><\/div><\/div><\/div><\/div><div id=\"sourvenirsshop\" class=\"fusion-container-anchor\"><div class=\"fusion-fullwidth fullwidth-box fusion-builder-row-5 hundred-percent-fullwidth non-hundred-percent-height-scrolling fusion-equal-height-columns\" style=\"--awb-background-position:left top;--awb-border-sizes-top:0px;--awb-border-sizes-bottom:0px;--awb-border-sizes-left:0px;--awb-border-sizes-right:0px;--awb-border-radius-top-left:0px;--awb-border-radius-top-right:0px;--awb-border-radius-bottom-right:0px;--awb-border-radius-bottom-left:0px;--awb-padding-top:0px;--awb-padding-right:0px;--awb-padding-bottom:0px;--awb-padding-left:0px;--awb-margin-top:0px;--awb-margin-bottom:0px;\" ><div class=\"fusion-builder-row fusion-row\"><div class=\"fusion-layout-column fusion_builder_column fusion-builder-column-7 fusion_builder_column_1_2 1_2 fusion-one-half fusion-column-first\" style=\"--awb-padding-top:40px;--awb-padding-right:15px;--awb-padding-bottom:40px;--awb-padding-left:15px;--awb-bg-position:right bottom;--awb-bg-size:cover;--awb-margin-bottom:0px;\"><div class=\"fusion-column-wrapper fusion-flex-column-wrapper-legacy\"><div class=\"fusion-column-content-centered\"><div class=\"fusion-column-content\"><div class=\"fusion-text fusion-text-10\"><h2 style=\"text-align: center;\">Tienda de souvenirs<\/h2>\n<\/div><div class=\"fusion-sep-clear\"><\/div><div class=\"fusion-separator\" style=\"margin-left: auto;margin-right: auto;margin-top:0px;margin-bottom:20px;width:100%;max-width:80px;\"><div class=\"fusion-separator-border sep-single sep-solid\" style=\"--awb-height:20px;--awb-amount:20px;--awb-sep-color:#026937;border-color:#026937;border-top-width:2px;\"><\/div><\/div><div class=\"fusion-sep-clear\"><\/div><div class=\"fusion-text fusion-text-11\"><p style=\"text-align: center;\"><span style=\"font-weight: 400;\">Unas vacaciones inolvidables merecen los mejores souvenirs. En la planta baja encontrar\u00e1 nuestra tienda de souvenirs con una gran variedad de sugerencias para usted.<\/span><\/p>\n<\/div><\/div><\/div><div class=\"fusion-clearfix\"><\/div><\/div><\/div><div class=\"fusion-layout-column fusion_builder_column fusion-builder-column-8 fusion_builder_column_1_2 1_2 fusion-one-half fusion-column-last\" style=\"--awb-padding-top:0px;--awb-padding-right:0px;--awb-padding-bottom:0px;--awb-padding-left:0px;--awb-bg-color:#ffffff;--awb-bg-color-hover:#ffffff;--awb-bg-position:center center;--awb-bg-size:cover;--awb-border-color:#ebeef1;--awb-border-top:0;--awb-border-right:0;--awb-border-bottom:0;--awb-border-left:0;--awb-border-style:solid;--awb-margin-bottom:0px;\"><div class=\"fusion-column-wrapper fusion-flex-column-wrapper-legacy\"><div class=\"fusion-image-element in-legacy-container\" style=\"--awb-caption-title-font-family:var(--h2_typography-font-family);--awb-caption-title-font-weight:var(--h2_typography-font-weight);--awb-caption-title-font-style:var(--h2_typography-font-style);--awb-caption-title-size:var(--h2_typography-font-size);--awb-caption-title-transform:var(--h2_typography-text-transform);--awb-caption-title-line-height:var(--h2_typography-line-height);--awb-caption-title-letter-spacing:var(--h2_typography-letter-spacing);\"><span class=\" fusion-imageframe imageframe-none imageframe-4 hover-type-none\" class=\"image-magnify\" class=\"image-scroll\"><img decoding=\"async\" width=\"2000\" height=\"1335\" alt=\"Loja de Souvenirs Salgueiro\" title=\"charset=Ascii\" src=\"https:\/\/salgueiroportomoniz.com\/wp-content\/uploads\/2020\/11\/2020-salgueiro-exterior-02-PRN_4805.jpg\" class=\"img-responsive wp-image-3690\" srcset=\"https:\/\/salgueiroportomoniz.com\/wp-content\/uploads\/2020\/11\/2020-salgueiro-exterior-02-PRN_4805-200x134.jpg 200w, https:\/\/salgueiroportomoniz.com\/wp-content\/uploads\/2020\/11\/2020-salgueiro-exterior-02-PRN_4805-400x267.jpg 400w, https:\/\/salgueiroportomoniz.com\/wp-content\/uploads\/2020\/11\/2020-salgueiro-exterior-02-PRN_4805-600x401.jpg 600w, https:\/\/salgueiroportomoniz.com\/wp-content\/uploads\/2020\/11\/2020-salgueiro-exterior-02-PRN_4805-800x534.jpg 800w, https:\/\/salgueiroportomoniz.com\/wp-content\/uploads\/2020\/11\/2020-salgueiro-exterior-02-PRN_4805-1200x801.jpg 1200w, https:\/\/salgueiroportomoniz.com\/wp-content\/uploads\/2020\/11\/2020-salgueiro-exterior-02-PRN_4805.jpg 2000w\" sizes=\"(max-width: 1000px) 100vw, 600px\" \/><\/span><\/div><div class=\"fusion-clearfix\"><\/div><\/div><\/div><\/div><\/div><\/div><\/p>\n","protected":false},"excerpt":{"rendered":"","protected":false},"author":1,"featured_media":3660,"parent":0,"menu_order":0,"comment_status":"open","ping_status":"open","template":"100-width.php","meta":[],"_links":{"self":[{"href":"https:\/\/salgueiroportomoniz.com\/es\/wp-json\/wp\/v2\/pages\/2199"}],"collection":[{"href":"https:\/\/salgueiroportomoniz.com\/es\/wp-json\/wp\/v2\/pages"}],"about":[{"href":"https:\/\/salgueiroportomoniz.com\/es\/wp-json\/wp\/v2\/types\/page"}],"author":[{"embeddable":true,"href":"https:\/\/salgueiroportomoniz.com\/es\/wp-json\/wp\/v2\/users\/1"}],"replies":[{"embeddable":true,"href":"https:\/\/salgueiroportomoniz.com\/es\/wp-json\/wp\/v2\/comments?post=2199"}],"version-history":[{"count":1,"href":"https:\/\/salgueiroportomoniz.com\/es\/wp-json\/wp\/v2\/pages\/2199\/revisions"}],"predecessor-version":[{"id":3805,"href":"https:\/\/salgueiroportomoniz.com\/es\/wp-json\/wp\/v2\/pages\/2199\/revisions\/3805"}],"wp:featuredmedia":[{"embeddable":true,"href":"https:\/\/salgueiroportomoniz.com\/es\/wp-json\/wp\/v2\/media\/3660"}],"wp:attachment":[{"href":"https:\/\/salgueiroportomoniz.com\/es\/wp-json\/wp\/v2\/media?parent=2199"}],"curies":[{"name":"wp","href":"https:\/\/api.w.org\/{rel}","templated":true}]}}