{"id":2204,"date":"2015-02-03T20:14:31","date_gmt":"2015-02-03T20:14:31","guid":{"rendered":"https:\/\/salgueiroportomoniz.com\/pontos-de-interesse-no-porto-moniz\/"},"modified":"2020-12-03T12:41:20","modified_gmt":"2020-12-03T12:41:20","slug":"puntos-de-interes-en-porto-moniz","status":"publish","type":"page","link":"https:\/\/salgueiroportomoniz.com\/es\/puntos-de-interes-en-porto-moniz\/","title":{"rendered":"Puntos de Inter\u00e9s en Porto Moniz"},"content":{"rendered":"<p><div class=\"fusion-fullwidth fullwidth-box fusion-builder-row-1 nonhundred-percent-fullwidth non-hundred-percent-height-scrolling\" style=\"--awb-background-position:left top;--awb-border-sizes-top:0px;--awb-border-sizes-bottom:0px;--awb-border-sizes-left:0px;--awb-border-sizes-right:0px;--awb-border-radius-top-left:0px;--awb-border-radius-top-right:0px;--awb-border-radius-bottom-right:0px;--awb-border-radius-bottom-left:0px;--awb-padding-top:20px;--awb-padding-bottom:60px;\" ><div class=\"fusion-builder-row fusion-row\"><div class=\"fusion-layout-column fusion_builder_column fusion-builder-column-0 fusion_builder_column_1_6 1_6 fusion-one-sixth fusion-column-first fusion-no-small-visibility fusion-no-medium-visibility\" style=\"--awb-padding-top:10%;--awb-padding-right:10%;--awb-padding-bottom:10%;--awb-padding-left:10%;--awb-bg-size:cover;width:13.3333%; margin-right: 4%;\"><div class=\"fusion-column-wrapper fusion-flex-column-wrapper-legacy\"><div class=\"fusion-clearfix\"><\/div><\/div><\/div><div class=\"fusion-layout-column fusion_builder_column fusion-builder-column-1 fusion_builder_column_2_3 2_3 fusion-two-third fusion-column-no-min-height\" style=\"--awb-bg-size:cover;--awb-margin-bottom:0px;width:65.3333%; margin-right: 4%;\"><div class=\"fusion-column-wrapper fusion-flex-column-wrapper-legacy\"><div class=\"fusion-text fusion-text-1\"><h2 style=\"text-align: center;\">Sobre o Porto Moniz<\/h2>\n<\/div><div class=\"fusion-sep-clear\"><\/div><div class=\"fusion-separator\" style=\"margin-left: auto;margin-right: auto;margin-top:0px;margin-bottom:40px;width:100%;max-width:80px;\"><div class=\"fusion-separator-border sep-single sep-solid\" style=\"--awb-height:20px;--awb-amount:20px;--awb-sep-color:#026937;border-color:#026937;border-top-width:2px;\"><\/div><\/div><div class=\"fusion-sep-clear\"><\/div><div class=\"fusion-text fusion-text-2\"><p><span style=\"font-weight: 400;\">Tornou-se freguesia a 12 de mar\u00e7o de 1574, uma das mais antigas freguesias do norte da ilha da Madeira. Aqui se realizaram exerc\u00edcios militares no s\u00e9c. XVII e Porto Moniz ficou popularmente conhecido por \u201cBatalh\u00e3o\u201d. O seu nome deve-se ao seu prov\u00e1vel fundador, Francisco Moniz, \u201co Velho\u201d, um dos mais antigos povoadores da regi\u00e3o, natural do Algarve. Por sua iniciativa, ou do seu filho, foi fundada a capela de Nossa Senhora da Concei\u00e7\u00e3o, em 1553, em torno da qual cresceu a povoa\u00e7\u00e3o de Porto Moniz. Dos monumentos destaca-se o forte de S\u00e3o Jo\u00e3o Baptista, o fontan\u00e1rio de 1887, a Igreja Paroquial e o farol de comunica\u00e7\u00f5es constru\u00eddo no s\u00e9culo XX (Farolim do Ilh\u00e9u Mole).<\/span><span style=\"font-weight: 400;\"><br \/>\n<\/span><span style=\"font-weight: 400;\"><br \/>\n<\/span><span style=\"font-weight: 400;\">At\u00e9 ao s\u00e9c. XVIII, a regi\u00e3o dedicou-se \u00e0 cria\u00e7\u00e3o de gado, produ\u00e7\u00e3o cereal\u00edfera e extra\u00e7\u00e3o de madeiras, associando-se depois o cultivo de batata e a vitivinicultura.<\/span><span style=\"font-weight: 400;\"><br \/>\n<\/span><span style=\"font-weight: 400;\"><br \/>\n<\/span><span style=\"font-weight: 400;\">Aqui encontra as mais belas piscinas naturais de \u00e1gua salgada do mundo, sendo inclusive consideradas pelo jornal Brit\u00e2nico \u201cThe Guardian\u201d, como as melhores piscinas salgadas da Europa.<\/span><\/p>\n<\/div><div class=\"fusion-clearfix\"><\/div><\/div><\/div><div class=\"fusion-layout-column fusion_builder_column fusion-builder-column-2 fusion_builder_column_1_6 1_6 fusion-one-sixth fusion-column-last fusion-no-small-visibility fusion-no-medium-visibility\" style=\"--awb-padding-top:10%;--awb-padding-right:10%;--awb-padding-bottom:10%;--awb-padding-left:10%;--awb-bg-size:cover;width:13.3333%;\"><div class=\"fusion-column-wrapper fusion-flex-column-wrapper-legacy\"><div class=\"fusion-clearfix\"><\/div><\/div><\/div><\/div><\/div><div class=\"fusion-fullwidth fullwidth-box fusion-builder-row-2 nonhundred-percent-fullwidth non-hundred-percent-height-scrolling fusion-equal-height-columns\" style=\"--awb-background-position:left top;--awb-border-sizes-top:0px;--awb-border-sizes-bottom:0px;--awb-border-sizes-left:0px;--awb-border-sizes-right:0px;--awb-border-radius-top-left:0px;--awb-border-radius-top-right:0px;--awb-border-radius-bottom-right:0px;--awb-border-radius-bottom-left:0px;--awb-padding-top:80px;--awb-padding-bottom:80px;--awb-background-color:#f4f6f8;\" ><div class=\"fusion-builder-row fusion-row\"><div class=\"fusion-layout-column fusion_builder_column fusion-builder-column-3 fusion_builder_column_1_1 1_1 fusion-one-full fusion-column-first fusion-column-last fusion-column-no-min-height\" style=\"--awb-bg-size:cover;--awb-margin-bottom:0px;\"><div class=\"fusion-column-wrapper fusion-flex-column-wrapper-legacy\"><div class=\"fusion-text fusion-text-3\"><h2 style=\"text-align: center;\">Pontos de Interesse<\/h2>\n<\/div><div class=\"fusion-sep-clear\"><\/div><div class=\"fusion-separator\" style=\"margin-left: auto;margin-right: auto;margin-top:0px;margin-bottom:40px;width:100%;max-width:80px;\"><div class=\"fusion-separator-border sep-single sep-solid\" style=\"--awb-height:20px;--awb-amount:20px;--awb-sep-color:#026937;border-color:#026937;border-top-width:2px;\"><\/div><\/div><div class=\"fusion-sep-clear\"><\/div><div class=\"fusion-clearfix\"><\/div><\/div><\/div><div class=\"fusion-layout-column fusion_builder_column fusion-builder-column-4 fusion_builder_column_1_3 1_3 fusion-one-third fusion-column-first activitycard\" style=\"--awb-padding-bottom:0px;--awb-bg-size:cover;width:30.6666%; margin-right: 4%;\"><div class=\"fusion-column-wrapper fusion-flex-column-wrapper-legacy\"><div class=\"fusion-image-element in-legacy-container\" style=\"--awb-caption-title-font-family:var(--h2_typography-font-family);--awb-caption-title-font-weight:var(--h2_typography-font-weight);--awb-caption-title-font-style:var(--h2_typography-font-style);--awb-caption-title-size:var(--h2_typography-font-size);--awb-caption-title-transform:var(--h2_typography-text-transform);--awb-caption-title-line-height:var(--h2_typography-line-height);--awb-caption-title-letter-spacing:var(--h2_typography-letter-spacing);\"><span class=\" fusion-imageframe imageframe-none imageframe-1 hover-type-none\" class=\"image-scroll\"><a href=\"https:\/\/salgueiroportomoniz.com\/wp-content\/uploads\/2015\/02\/piscinas-porto-moniz.jpg\" class=\"fusion-lightbox\" data-rel=\"iLightbox[pontosinteresse]\" data-title=\"piscinas-porto-moniz\" title=\"piscinas-porto-moniz\"><img decoding=\"async\" width=\"1000\" height=\"667\" src=\"https:\/\/salgueiroportomoniz.com\/wp-content\/uploads\/2015\/02\/piscinas-porto-moniz.jpg\" alt class=\"img-responsive wp-image-3437\" srcset=\"https:\/\/salgueiroportomoniz.com\/wp-content\/uploads\/2015\/02\/piscinas-porto-moniz-200x133.jpg 200w, https:\/\/salgueiroportomoniz.com\/wp-content\/uploads\/2015\/02\/piscinas-porto-moniz-400x267.jpg 400w, https:\/\/salgueiroportomoniz.com\/wp-content\/uploads\/2015\/02\/piscinas-porto-moniz-600x400.jpg 600w, https:\/\/salgueiroportomoniz.com\/wp-content\/uploads\/2015\/02\/piscinas-porto-moniz-800x534.jpg 800w, https:\/\/salgueiroportomoniz.com\/wp-content\/uploads\/2015\/02\/piscinas-porto-moniz.jpg 1000w\" sizes=\"(max-width: 1000px) 100vw, 400px\" \/><\/a><\/span><\/div><div class=\"fusion-text fusion-text-4\"><h3 style=\"text-align: center; padding-left: 20px; padding-right: 20px;\">Piscinas Naturais<\/h3>\n<\/div><div class=\"fusion-text fusion-text-5\"><div style=\"padding: 0 20px 20px 20px; display: block;\">As Piscinas Naturais do Porto Moniz s\u00e3o o grande \u201cex-libris\u201d da vila do Porto Moniz. As piscinas naturais de \u00e1gua salgada s\u00e3o compostas por rochas vulc\u00e2nicas onde o mar entra naturalmente. O espa\u00e7o, que tem uma \u00e1rea de 3.800 m\u00b2, disp\u00f5e tamb\u00e9m de uma piscina para crian\u00e7as, parque infantil e acessos para deficientes.<\/div>\n<\/div><div class=\"fusion-clearfix\"><\/div><\/div><\/div><div class=\"fusion-layout-column fusion_builder_column fusion-builder-column-5 fusion_builder_column_1_3 1_3 fusion-one-third activitycard\" style=\"--awb-padding-bottom:0px;--awb-bg-size:cover;width:30.6666%; margin-right: 4%;\"><div class=\"fusion-column-wrapper fusion-flex-column-wrapper-legacy\"><div class=\"fusion-image-element in-legacy-container\" style=\"--awb-caption-title-font-family:var(--h2_typography-font-family);--awb-caption-title-font-weight:var(--h2_typography-font-weight);--awb-caption-title-font-style:var(--h2_typography-font-style);--awb-caption-title-size:var(--h2_typography-font-size);--awb-caption-title-transform:var(--h2_typography-text-transform);--awb-caption-title-line-height:var(--h2_typography-line-height);--awb-caption-title-letter-spacing:var(--h2_typography-letter-spacing);\"><span class=\" fusion-imageframe imageframe-none imageframe-2 hover-type-none\" class=\"image-scroll\"><a href=\"https:\/\/salgueiroportomoniz.com\/wp-content\/uploads\/2015\/02\/aquario-da-madeira.jpg\" class=\"fusion-lightbox\" data-rel=\"iLightbox[pontosinteresse]\" data-title=\"aquario-da-madeira\" title=\"aquario-da-madeira\"><img decoding=\"async\" width=\"1000\" height=\"668\" src=\"https:\/\/salgueiroportomoniz.com\/wp-content\/uploads\/2015\/02\/aquario-da-madeira.jpg\" alt class=\"img-responsive wp-image-3433\" srcset=\"https:\/\/salgueiroportomoniz.com\/wp-content\/uploads\/2015\/02\/aquario-da-madeira-200x134.jpg 200w, https:\/\/salgueiroportomoniz.com\/wp-content\/uploads\/2015\/02\/aquario-da-madeira-400x267.jpg 400w, https:\/\/salgueiroportomoniz.com\/wp-content\/uploads\/2015\/02\/aquario-da-madeira-600x401.jpg 600w, https:\/\/salgueiroportomoniz.com\/wp-content\/uploads\/2015\/02\/aquario-da-madeira-800x534.jpg 800w, https:\/\/salgueiroportomoniz.com\/wp-content\/uploads\/2015\/02\/aquario-da-madeira.jpg 1000w\" sizes=\"(max-width: 1000px) 100vw, 400px\" \/><\/a><\/span><\/div><div class=\"fusion-text fusion-text-6\"><h3 style=\"text-align: center; padding-left: 20px; padding-right: 20px;\">Aqu\u00e1rio da Madeira<\/h3>\n<\/div><div class=\"fusion-text fusion-text-7\"><div style=\"padding: 0 20px 20px 20px; display: block;\"><span style=\"font-weight: 400;\">O Aqu\u00e1rio da Madeira, na vila do Porto Moniz, representa os v\u00e1rios \u201chabitats\u201d do mundo marinho madeirense, ao longo de 12 tanques.<\/span><\/div>\n<\/div><div class=\"fusion-clearfix\"><\/div><\/div><\/div><div class=\"fusion-layout-column fusion_builder_column fusion-builder-column-6 fusion_builder_column_1_3 1_3 fusion-one-third fusion-column-last activitycard\" style=\"--awb-bg-size:cover;width:30.6666%;\"><div class=\"fusion-column-wrapper fusion-flex-column-wrapper-legacy\"><div class=\"fusion-image-element in-legacy-container\" style=\"--awb-caption-title-font-family:var(--h2_typography-font-family);--awb-caption-title-font-weight:var(--h2_typography-font-weight);--awb-caption-title-font-style:var(--h2_typography-font-style);--awb-caption-title-size:var(--h2_typography-font-size);--awb-caption-title-transform:var(--h2_typography-text-transform);--awb-caption-title-line-height:var(--h2_typography-line-height);--awb-caption-title-letter-spacing:var(--h2_typography-letter-spacing);\"><span class=\" fusion-imageframe imageframe-none imageframe-3 hover-type-none\" class=\"image-scroll\"><a href=\"https:\/\/salgueiroportomoniz.com\/wp-content\/uploads\/2015\/02\/miradouro-da-santa.jpg\" class=\"fusion-lightbox\" data-rel=\"iLightbox[pontosinteresse]\" data-title=\"miradouro-da-santa\" title=\"miradouro-da-santa\"><img decoding=\"async\" width=\"1000\" height=\"665\" src=\"https:\/\/salgueiroportomoniz.com\/wp-content\/uploads\/2015\/02\/miradouro-da-santa.jpg\" alt class=\"img-responsive wp-image-3445\" srcset=\"https:\/\/salgueiroportomoniz.com\/wp-content\/uploads\/2015\/02\/miradouro-da-santa-200x133.jpg 200w, https:\/\/salgueiroportomoniz.com\/wp-content\/uploads\/2015\/02\/miradouro-da-santa-400x266.jpg 400w, https:\/\/salgueiroportomoniz.com\/wp-content\/uploads\/2015\/02\/miradouro-da-santa-600x399.jpg 600w, https:\/\/salgueiroportomoniz.com\/wp-content\/uploads\/2015\/02\/miradouro-da-santa-800x532.jpg 800w, https:\/\/salgueiroportomoniz.com\/wp-content\/uploads\/2015\/02\/miradouro-da-santa.jpg 1000w\" sizes=\"(max-width: 1000px) 100vw, 400px\" \/><\/a><\/span><\/div><div class=\"fusion-text fusion-text-8\"><h3 style=\"text-align: center; padding-left: 20px; padding-right: 20px;\">Miradouro da Santa<\/h3>\n<\/div><div class=\"fusion-text fusion-text-9\"><div style=\"padding: 0 20px 20px 20px; display: block;\"><span style=\"font-weight: 400;\">O miradouro da Santa proporciona uma vista bonita sobre a vila do Porto Moniz, podendo observar as piscinas naturais vistas de cima, e tamb\u00e9m do Ilh\u00e9u Mole.<\/span><\/div>\n<\/div><div class=\"fusion-clearfix\"><\/div><\/div><\/div><\/div><\/div><div class=\"fusion-bg-parallax\" data-bg-align=\"center bottom\" data-direction=\"up\" data-mute=\"false\" data-opacity=\"100\" data-velocity=\"-0.3\" data-mobile-enabled=\"false\" data-break_parents=\"0\" data-bg-image=\"https:\/\/salgueiroportomoniz.com\/wp-content\/uploads\/2015\/04\/2020-salgueiro-quarto-suite-10-PRN_4470.jpg\" data-bg-repeat=\"false\" ><\/div><div class=\"fusion-fullwidth fullwidth-box fusion-builder-row-3 fusion-parallax-up nonhundred-percent-fullwidth non-hundred-percent-height-scrolling\" style=\"--awb-background-position:center bottom;--awb-border-sizes-top:0px;--awb-border-sizes-bottom:0px;--awb-border-sizes-left:0px;--awb-border-sizes-right:0px;--awb-border-radius-top-left:0px;--awb-border-radius-top-right:0px;--awb-border-radius-bottom-right:0px;--awb-border-radius-bottom-left:0px;--awb-padding-top:100px;--awb-padding-bottom:80px;--awb-background-image:url(&quot;https:\/\/salgueiroportomoniz.com\/wp-content\/uploads\/2015\/04\/2020-salgueiro-quarto-suite-10-PRN_4470.jpg&quot;);--awb-background-size:cover;\" ><div class=\"fusion-builder-row fusion-row\"><div class=\"fusion-layout-column fusion_builder_column fusion-builder-column-7 fusion_builder_column_1_6 1_6 fusion-one-sixth fusion-column-first fusion-no-small-visibility\" style=\"--awb-padding-top:10%;--awb-padding-right:10%;--awb-padding-bottom:10%;--awb-padding-left:10%;--awb-bg-size:cover;width:13.3333%; margin-right: 4%;\"><div class=\"fusion-column-wrapper fusion-flex-column-wrapper-legacy\"><div class=\"fusion-clearfix\"><\/div><\/div><\/div><div class=\"fusion-layout-column fusion_builder_column fusion-builder-column-8 fusion_builder_column_2_3 2_3 fusion-two-third\" style=\"--awb-padding-top:5%;--awb-padding-right:5%;--awb-padding-bottom:5%;--awb-padding-left:5%;--awb-bg-color:rgba(255,255,255,.7);--awb-bg-color-hover:rgba(255,255,255,.7);--awb-bg-size:cover;width:65.3333%; margin-right: 4%;\"><div class=\"fusion-column-wrapper fusion-flex-column-wrapper-legacy\"><div class=\"fusion-text fusion-text-10\"><h2 style=\"text-align: center;\">Precisa de Alojamento?<\/h2>\n<\/div><div class=\"fusion-aligncenter\"><a class=\"fusion-button button-flat fusion-button-default-size button-default fusion-button-default button-1 fusion-button-default-span fusion-button-default-type\" target=\"_self\" href=\"\/es\/#accommodations\"><span class=\"fusion-button-text\">VER M\u00c1S<\/span><\/a><\/div><div class=\"fusion-clearfix\"><\/div><\/div><\/div><div class=\"fusion-layout-column fusion_builder_column fusion-builder-column-9 fusion_builder_column_1_6 1_6 fusion-one-sixth fusion-column-last\" style=\"--awb-padding-top:10%;--awb-padding-right:10%;--awb-padding-bottom:10%;--awb-padding-left:10%;--awb-bg-size:cover;width:13.3333%;\"><div class=\"fusion-column-wrapper fusion-flex-column-wrapper-legacy\"><div class=\"fusion-clearfix\"><\/div><\/div><\/div><\/div><\/div><\/p>\n","protected":false},"excerpt":{"rendered":"","protected":false},"author":1,"featured_media":2038,"parent":0,"menu_order":0,"comment_status":"open","ping_status":"open","template":"100-width.php","meta":[],"_links":{"self":[{"href":"https:\/\/salgueiroportomoniz.com\/es\/wp-json\/wp\/v2\/pages\/2204"}],"collection":[{"href":"https:\/\/salgueiroportomoniz.com\/es\/wp-json\/wp\/v2\/pages"}],"about":[{"href":"https:\/\/salgueiroportomoniz.com\/es\/wp-json\/wp\/v2\/types\/page"}],"author":[{"embeddable":true,"href":"https:\/\/salgueiroportomoniz.com\/es\/wp-json\/wp\/v2\/users\/1"}],"replies":[{"embeddable":true,"href":"https:\/\/salgueiroportomoniz.com\/es\/wp-json\/wp\/v2\/comments?post=2204"}],"version-history":[{"count":1,"href":"https:\/\/salgueiroportomoniz.com\/es\/wp-json\/wp\/v2\/pages\/2204\/revisions"}],"predecessor-version":[{"id":3814,"href":"https:\/\/salgueiroportomoniz.com\/es\/wp-json\/wp\/v2\/pages\/2204\/revisions\/3814"}],"wp:featuredmedia":[{"embeddable":true,"href":"https:\/\/salgueiroportomoniz.com\/es\/wp-json\/wp\/v2\/media\/2038"}],"wp:attachment":[{"href":"https:\/\/salgueiroportomoniz.com\/es\/wp-json\/wp\/v2\/media?parent=2204"}],"curies":[{"name":"wp","href":"https:\/\/api.w.org\/{rel}","templated":true}]}}