{"id":2197,"date":"2015-01-19T15:16:37","date_gmt":"2015-01-19T15:16:37","guid":{"rendered":"https:\/\/salgueiroportomoniz.com\/home\/"},"modified":"2020-12-03T12:33:59","modified_gmt":"2020-12-03T12:33:59","slug":"home","status":"publish","type":"page","link":"https:\/\/salgueiroportomoniz.com\/fr\/","title":{"rendered":"Home"},"content":{"rendered":"<p><div id=\"about\" class=\"fusion-container-anchor\"><div class=\"fusion-fullwidth fullwidth-box fusion-builder-row-1 nonhundred-percent-fullwidth non-hundred-percent-height-scrolling fusion-equal-height-columns\" style=\"--awb-background-position:left top;--awb-border-sizes-top:0px;--awb-border-sizes-bottom:0px;--awb-border-sizes-left:0px;--awb-border-sizes-right:0px;--awb-border-radius-top-left:0px;--awb-border-radius-top-right:0px;--awb-border-radius-bottom-right:0px;--awb-border-radius-bottom-left:0px;--awb-padding-top:0px;--awb-padding-bottom:0px;\" ><div class=\"fusion-builder-row fusion-row\"><div class=\"fusion-layout-column fusion_builder_column fusion-builder-column-0 fusion_builder_column_2_3 2_3 fusion-two-third fusion-column-first\" style=\"--awb-padding-top:80px;--awb-padding-right:0px;--awb-bg-position:right bottom;--awb-bg-size:cover;\"><div class=\"fusion-column-wrapper fusion-flex-column-wrapper-legacy\"><div class=\"fusion-text fusion-text-1\"><h2 style=\"text-align: center;\">\u00c0 propos de nous<\/h2>\n<\/div><div class=\"fusion-sep-clear\"><\/div><div class=\"fusion-separator\" style=\"margin-left: auto;margin-right: auto;margin-top:0px;margin-bottom:40px;width:100%;max-width:80px;\"><div class=\"fusion-separator-border sep-single sep-solid\" style=\"--awb-height:20px;--awb-amount:20px;--awb-sep-color:#026937;border-color:#026937;border-top-width:2px;\"><\/div><\/div><div class=\"fusion-sep-clear\"><\/div><div class=\"fusion-text fusion-text-2\"><p>Situ\u00e9 dans la zone principale de Porto Moniz, H\u00f4tel Salgueiro a les conditions id\u00e9ales pour vous de passer quelques jours de d\u00e9tente \u00e0 l&rsquo;extr\u00e9mit\u00e9 nord de l&rsquo;\u00eele. Id\u00e9al pour ceux qui souhaitent profiter des piscines naturelles de Porto Moniz et, de l&rsquo;environnement qui l&rsquo;entoure.<\/p>\n<p>L&rsquo;h\u00f4tel offre une vue magnifique sur la mer et un emplacement central \u00e0 Porto Moniz, \u00e0 partir de laquelle vous pouvez acc\u00e9der \u00e0 des points d&rsquo;int\u00e9r\u00eat.<\/p>\n<\/div><div class=\"fusion-sep-clear\"><\/div><div class=\"fusion-separator fusion-full-width-sep\" style=\"margin-left: auto;margin-right: auto;margin-top:10px;width:100%;\"><\/div><div class=\"fusion-sep-clear\"><\/div><div class=\"fusion-aligncenter\"><a class=\"fusion-button button-flat button-large button-default fusion-button-default button-1 fusion-button-default-span \" target=\"_self\" href=\"\/fr\/points-d-interet-a-porto-moniz\"><span class=\"fusion-button-text\">Points d&rsquo;int\u00e9r\u00eat<\/span><i class=\" fa fa-angle-right button-icon-right\" aria-hidden=\"true\"><\/i><\/a><\/div><div class=\"fusion-sep-clear\"><\/div><div class=\"fusion-separator fusion-full-width-sep\" style=\"margin-left: auto;margin-right: auto;margin-top:65px;width:100%;\"><\/div><div class=\"fusion-sep-clear\"><\/div><div class=\"fusion-clearfix\"><\/div><\/div><\/div><\/div><\/div><\/div><div class=\"fusion-fullwidth fullwidth-box fusion-builder-row-2 hundred-percent-fullwidth non-hundred-percent-height-scrolling\" style=\"--awb-border-radius-top-left:0px;--awb-border-radius-top-right:0px;--awb-border-radius-bottom-right:0px;--awb-border-radius-bottom-left:0px;--awb-overflow:visible;--awb-margin-top:-23px;\" ><div class=\"fusion-builder-row fusion-row\"><div class=\"fusion-layout-column fusion_builder_column fusion-builder-column-1 fusion_builder_column_1_1 1_1 fusion-one-full fusion-column-first fusion-column-last fusion-column-no-min-height\" style=\"--awb-bg-size:cover;--awb-margin-bottom:0px;\"><div class=\"fusion-column-wrapper fusion-flex-column-wrapper-legacy\"><div class=\"fusion-sep-clear\"><\/div><div class=\"fusion-separator fusion-full-width-sep\" style=\"margin-left: auto;margin-right: auto;width:100%;\"><\/div><div class=\"fusion-sep-clear\"><\/div><div class=\"fusion-clearfix\"><\/div><\/div><\/div><\/div><\/div><div id=\"accommodations\" class=\"fusion-container-anchor\"><div class=\"fusion-fullwidth fullwidth-box fusion-builder-row-3 nonhundred-percent-fullwidth non-hundred-percent-height-scrolling fusion-equal-height-columns\" style=\"--awb-background-position:center top;--awb-border-sizes-top:0px;--awb-border-sizes-bottom:0px;--awb-border-sizes-left:0px;--awb-border-sizes-right:0px;--awb-border-radius-top-left:0px;--awb-border-radius-top-right:0px;--awb-border-radius-bottom-right:0px;--awb-border-radius-bottom-left:0px;--awb-padding-top:80px;--awb-padding-bottom:80px;--awb-background-color:#f4f6f8;\" ><div class=\"fusion-builder-row fusion-row\"><div class=\"fusion-layout-column fusion_builder_column fusion-builder-column-2 fusion_builder_column_1_1 1_1 fusion-one-full fusion-column-first fusion-column-last fusion-column-no-min-height\" style=\"--awb-bg-size:cover;--awb-margin-bottom:0px;\"><div class=\"fusion-column-wrapper fusion-flex-column-wrapper-legacy\"><div class=\"fusion-text fusion-text-3\"><h2 style=\"text-align: center;\">H\u00e9bergement<\/h2>\n<\/div><div class=\"fusion-sep-clear\"><\/div><div class=\"fusion-separator\" style=\"margin-left: auto;margin-right: auto;margin-top:0px;margin-bottom:60px;width:100%;max-width:80px;\"><div class=\"fusion-separator-border sep-single sep-solid\" style=\"--awb-height:20px;--awb-amount:20px;--awb-sep-color:#026937;border-color:#026937;border-top-width:2px;\"><\/div><\/div><div class=\"fusion-sep-clear\"><\/div><div class=\"fusion-clearfix\"><\/div><\/div><\/div><div class=\"fusion-layout-column fusion_builder_column fusion-builder-column-3 fusion_builder_column_1_2 1_2 fusion-one-half fusion-column-first accommodations-block\" style=\"--awb-padding-top:0px;--awb-padding-right:0px;--awb-padding-bottom:60px;--awb-padding-left:0px;--awb-bg-color:#ffffff;--awb-bg-color-hover:#ffffff;--awb-bg-position:center top;--awb-bg-size:cover;width:48%; margin-right: 4%;\"><div class=\"fusion-column-wrapper fusion-flex-column-wrapper-legacy\"><div class=\"fusion-image-element in-legacy-container\" style=\"--awb-caption-title-font-family:var(--h2_typography-font-family);--awb-caption-title-font-weight:var(--h2_typography-font-weight);--awb-caption-title-font-style:var(--h2_typography-font-style);--awb-caption-title-size:var(--h2_typography-font-size);--awb-caption-title-transform:var(--h2_typography-text-transform);--awb-caption-title-line-height:var(--h2_typography-line-height);--awb-caption-title-letter-spacing:var(--h2_typography-letter-spacing);\"><span class=\" fusion-imageframe imageframe-none imageframe-1 hover-type-none\" class=\"image-scroll\"><a class=\"fusion-no-lightbox\" href=\"\/fr\/chambre-double\" target=\"_self\" aria-label=\"charset=Ascii\"><img decoding=\"async\" width=\"2000\" height=\"1335\" src=\"https:\/\/salgueiroportomoniz.com\/wp-content\/uploads\/2020\/12\/2020-salgueiro-quarto-duplo-02-PRN_4533.jpg\" alt class=\"img-responsive wp-image-3785\" srcset=\"https:\/\/salgueiroportomoniz.com\/wp-content\/uploads\/2020\/12\/2020-salgueiro-quarto-duplo-02-PRN_4533-200x134.jpg 200w, https:\/\/salgueiroportomoniz.com\/wp-content\/uploads\/2020\/12\/2020-salgueiro-quarto-duplo-02-PRN_4533-400x267.jpg 400w, https:\/\/salgueiroportomoniz.com\/wp-content\/uploads\/2020\/12\/2020-salgueiro-quarto-duplo-02-PRN_4533-600x401.jpg 600w, https:\/\/salgueiroportomoniz.com\/wp-content\/uploads\/2020\/12\/2020-salgueiro-quarto-duplo-02-PRN_4533-800x534.jpg 800w, https:\/\/salgueiroportomoniz.com\/wp-content\/uploads\/2020\/12\/2020-salgueiro-quarto-duplo-02-PRN_4533-1200x801.jpg 1200w, https:\/\/salgueiroportomoniz.com\/wp-content\/uploads\/2020\/12\/2020-salgueiro-quarto-duplo-02-PRN_4533.jpg 2000w\" sizes=\"(max-width: 1000px) 100vw, 600px\" \/><\/a><\/span><\/div><div class=\"fusion-text fusion-text-4\"><h3 style=\"text-align: center; margin-bottom: 10px;\"><strong>Chambre Double<\/strong><\/h3>\n<\/div><div class=\"fusion-sep-clear\"><\/div><div class=\"fusion-separator\" style=\"margin-left: auto;margin-right: auto;margin-top:0px;margin-bottom:15px;width:100%;max-width:30px;\"><div class=\"fusion-separator-border sep-single sep-solid\" style=\"--awb-height:20px;--awb-amount:20px;--awb-sep-color:#026937;border-color:#026937;border-top-width:2px;\"><\/div><\/div><div class=\"fusion-sep-clear\"><\/div><div class=\"fusion-text fusion-text-5\"><div style=\"padding-left: 20px; padding-right: 20px;\">\n<p style=\"text-align: center; font-size: 0.9rem; line-height: 1.25rem;\">Balcon, vue sur la mer, vue sur la montagne, petit d\u00e9jeuner inclus.<\/p>\n<\/div>\n<\/div><div class=\"fusion-sep-clear\"><\/div><div class=\"fusion-separator fusion-no-small-visibility fusion-full-width-sep\" style=\"margin-left: auto;margin-right: auto;margin-bottom:60px;width:100%;\"><\/div><div class=\"fusion-sep-clear\"><\/div><div class=\"fusion-aligncenter\"><a class=\"fusion-button button-flat button-large button-default fusion-button-default button-2 fusion-button-default-span morebtn\" target=\"_self\" href=\"\/fr\/chambre-double\"><span class=\"fusion-button-text\">VOIR LES D\u00c9TAILS<\/span><i class=\" fa fa-angle-right button-icon-right\" aria-hidden=\"true\"><\/i><\/a><\/div><div class=\"fusion-clearfix\"><\/div><\/div><\/div><div class=\"fusion-layout-column fusion_builder_column fusion-builder-column-4 fusion_builder_column_1_2 1_2 fusion-one-half fusion-column-last accommodations-block\" style=\"--awb-padding-top:0px;--awb-padding-right:0px;--awb-padding-bottom:60px;--awb-padding-left:0px;--awb-bg-color:#ffffff;--awb-bg-color-hover:#ffffff;--awb-bg-position:center top;--awb-bg-size:cover;width:48%;\"><div class=\"fusion-column-wrapper fusion-flex-column-wrapper-legacy\"><div class=\"fusion-image-element in-legacy-container\" style=\"--awb-caption-title-font-family:var(--h2_typography-font-family);--awb-caption-title-font-weight:var(--h2_typography-font-weight);--awb-caption-title-font-style:var(--h2_typography-font-style);--awb-caption-title-size:var(--h2_typography-font-size);--awb-caption-title-transform:var(--h2_typography-text-transform);--awb-caption-title-line-height:var(--h2_typography-line-height);--awb-caption-title-letter-spacing:var(--h2_typography-letter-spacing);\"><span class=\" fusion-imageframe imageframe-none imageframe-2 hover-type-none\" class=\"image-scroll\"><a class=\"fusion-no-lightbox\" href=\"\/fr\/chambre-suite\" target=\"_self\" aria-label=\"charset=Ascii\"><img decoding=\"async\" width=\"2000\" height=\"1335\" src=\"https:\/\/salgueiroportomoniz.com\/wp-content\/uploads\/2015\/04\/2020-salgueiro-quarto-suite-10-PRN_4470.jpg\" alt class=\"img-responsive wp-image-3658\" srcset=\"https:\/\/salgueiroportomoniz.com\/wp-content\/uploads\/2015\/04\/2020-salgueiro-quarto-suite-10-PRN_4470-200x134.jpg 200w, https:\/\/salgueiroportomoniz.com\/wp-content\/uploads\/2015\/04\/2020-salgueiro-quarto-suite-10-PRN_4470-400x267.jpg 400w, https:\/\/salgueiroportomoniz.com\/wp-content\/uploads\/2015\/04\/2020-salgueiro-quarto-suite-10-PRN_4470-600x401.jpg 600w, https:\/\/salgueiroportomoniz.com\/wp-content\/uploads\/2015\/04\/2020-salgueiro-quarto-suite-10-PRN_4470-800x534.jpg 800w, https:\/\/salgueiroportomoniz.com\/wp-content\/uploads\/2015\/04\/2020-salgueiro-quarto-suite-10-PRN_4470-1200x801.jpg 1200w, https:\/\/salgueiroportomoniz.com\/wp-content\/uploads\/2015\/04\/2020-salgueiro-quarto-suite-10-PRN_4470.jpg 2000w\" sizes=\"(max-width: 1000px) 100vw, 600px\" \/><\/a><\/span><\/div><div class=\"fusion-text fusion-text-6\"><h3 style=\"text-align: center; margin-bottom: 10px;\"><strong>Chambre Suite<\/strong><\/h3>\n<\/div><div class=\"fusion-sep-clear\"><\/div><div class=\"fusion-separator\" style=\"margin-left: auto;margin-right: auto;margin-top:0px;margin-bottom:15px;width:100%;max-width:30px;\"><div class=\"fusion-separator-border sep-single sep-solid\" style=\"--awb-height:20px;--awb-amount:20px;--awb-sep-color:#026937;border-color:#026937;border-top-width:2px;\"><\/div><\/div><div class=\"fusion-sep-clear\"><\/div><div class=\"fusion-text fusion-text-7\"><div style=\"padding-left: 20px; padding-right: 20px;\">\n<p style=\"text-align: center; font-size: 0.9rem; line-height: 1.25rem;\">Vue sur la mer, Salon, Petit-d\u00e9jeuner inclus.<\/p>\n<\/div>\n<\/div><div class=\"fusion-sep-clear\"><\/div><div class=\"fusion-separator fusion-no-small-visibility fusion-full-width-sep\" style=\"margin-left: auto;margin-right: auto;margin-bottom:60px;width:100%;\"><\/div><div class=\"fusion-sep-clear\"><\/div><div class=\"fusion-aligncenter\"><a class=\"fusion-button button-flat button-large button-default fusion-button-default button-3 fusion-button-default-span \" target=\"_self\" href=\"\/fr\/chambre-suite\"><span class=\"fusion-button-text\">VOIR LES D\u00c9TAILS<\/span><i class=\" fa fa-angle-right button-icon-right\" aria-hidden=\"true\"><\/i><\/a><\/div><div class=\"fusion-clearfix\"><\/div><\/div><\/div><\/div><\/div><\/div><div class=\"fusion-fullwidth fullwidth-box fusion-builder-row-4 hundred-percent-fullwidth non-hundred-percent-height-scrolling fusion-equal-height-columns\" style=\"--awb-background-position:left top;--awb-border-sizes-top:0px;--awb-border-sizes-bottom:0px;--awb-border-sizes-left:0px;--awb-border-sizes-right:0px;--awb-border-radius-top-left:0px;--awb-border-radius-top-right:0px;--awb-border-radius-bottom-right:0px;--awb-border-radius-bottom-left:0px;--awb-padding-top:0px;--awb-padding-right:0px;--awb-padding-bottom:0px;--awb-padding-left:0px;--awb-margin-top:0px;--awb-margin-bottom:0px;\" ><div class=\"fusion-builder-row fusion-row\"><div class=\"fusion-layout-column fusion_builder_column fusion-builder-column-5 fusion_builder_column_1_2 1_2 fusion-one-half fusion-column-first\" style=\"--awb-padding-top:40px;--awb-padding-bottom:40px;--awb-bg-position:right bottom;--awb-bg-size:cover;--awb-margin-bottom:0px;\"><div class=\"fusion-column-wrapper fusion-flex-column-wrapper-legacy\"><div class=\"fusion-column-content-centered\"><div class=\"fusion-column-content\"><div class=\"fusion-text fusion-text-8\"><h2 style=\"text-align: center;\">Restaurant<\/h2>\n<\/div><div class=\"fusion-sep-clear\"><\/div><div class=\"fusion-separator\" style=\"margin-left: auto;margin-right: auto;margin-top:0px;margin-bottom:20px;width:100%;max-width:80px;\"><div class=\"fusion-separator-border sep-single sep-solid\" style=\"--awb-height:20px;--awb-amount:20px;--awb-sep-color:#026937;border-color:#026937;border-top-width:2px;\"><\/div><\/div><div class=\"fusion-sep-clear\"><\/div><div class=\"fusion-text fusion-text-9\"><p style=\"text-align: center;\">Venez d\u00e9guster de d\u00e9licieux repas avec vue sur la mer<\/p>\n<\/div><div class=\"fusion-sep-clear\"><\/div><div class=\"fusion-separator fusion-full-width-sep\" style=\"margin-left: auto;margin-right: auto;margin-top:12px;width:100%;\"><\/div><div class=\"fusion-sep-clear\"><\/div><div class=\"fusion-aligncenter\"><a class=\"fusion-button button-flat button-large button-default fusion-button-default button-4 fusion-button-default-span \" target=\"_self\" href=\"\/fr\/restaurant-salgueiro\"><span class=\"fusion-button-text\">VISITE<\/span><i class=\" fa fa-angle-right button-icon-right\" aria-hidden=\"true\"><\/i><\/a><\/div><\/div><\/div><div class=\"fusion-clearfix\"><\/div><\/div><\/div><div class=\"fusion-layout-column fusion_builder_column fusion-builder-column-6 fusion_builder_column_1_2 1_2 fusion-one-half fusion-column-last\" style=\"--awb-padding-top:0px;--awb-padding-right:0px;--awb-padding-bottom:0px;--awb-padding-left:0px;--awb-bg-color:#ffffff;--awb-bg-color-hover:#ffffff;--awb-bg-position:center center;--awb-bg-size:cover;--awb-border-color:#ebeef1;--awb-border-top:0;--awb-border-right:0;--awb-border-bottom:0;--awb-border-left:0;--awb-border-style:solid;--awb-margin-bottom:0px;\"><div class=\"fusion-column-wrapper fusion-flex-column-wrapper-legacy\"><div class=\"fusion-image-element in-legacy-container\" style=\"--awb-caption-title-font-family:var(--h2_typography-font-family);--awb-caption-title-font-weight:var(--h2_typography-font-weight);--awb-caption-title-font-style:var(--h2_typography-font-style);--awb-caption-title-size:var(--h2_typography-font-size);--awb-caption-title-transform:var(--h2_typography-text-transform);--awb-caption-title-line-height:var(--h2_typography-line-height);--awb-caption-title-letter-spacing:var(--h2_typography-letter-spacing);\"><span class=\" fusion-imageframe imageframe-none imageframe-3 hover-type-none\" class=\"image-magnify\" class=\"image-scroll\"><img decoding=\"async\" width=\"2000\" height=\"1335\" alt=\"Restaurante Snack-Bar Salgueiro\" title=\"restaurant-1\" src=\"https:\/\/salgueiroportomoniz.com\/wp-content\/uploads\/2017\/07\/restaurant-1.jpg\" class=\"img-responsive wp-image-3395\" srcset=\"https:\/\/salgueiroportomoniz.com\/wp-content\/uploads\/2017\/07\/restaurant-1-200x134.jpg 200w, https:\/\/salgueiroportomoniz.com\/wp-content\/uploads\/2017\/07\/restaurant-1-400x267.jpg 400w, https:\/\/salgueiroportomoniz.com\/wp-content\/uploads\/2017\/07\/restaurant-1-600x401.jpg 600w, https:\/\/salgueiroportomoniz.com\/wp-content\/uploads\/2017\/07\/restaurant-1-800x534.jpg 800w, https:\/\/salgueiroportomoniz.com\/wp-content\/uploads\/2017\/07\/restaurant-1-1200x801.jpg 1200w, https:\/\/salgueiroportomoniz.com\/wp-content\/uploads\/2017\/07\/restaurant-1.jpg 2000w\" sizes=\"(max-width: 1000px) 100vw, 600px\" \/><\/span><\/div><div class=\"fusion-clearfix\"><\/div><\/div><\/div><\/div><\/div><div id=\"sourvenirsshop\" class=\"fusion-container-anchor\"><div class=\"fusion-fullwidth fullwidth-box fusion-builder-row-5 hundred-percent-fullwidth non-hundred-percent-height-scrolling fusion-equal-height-columns\" style=\"--awb-background-position:left top;--awb-border-sizes-top:0px;--awb-border-sizes-bottom:0px;--awb-border-sizes-left:0px;--awb-border-sizes-right:0px;--awb-border-radius-top-left:0px;--awb-border-radius-top-right:0px;--awb-border-radius-bottom-right:0px;--awb-border-radius-bottom-left:0px;--awb-padding-top:0px;--awb-padding-right:0px;--awb-padding-bottom:0px;--awb-padding-left:0px;--awb-margin-top:0px;--awb-margin-bottom:0px;\" ><div class=\"fusion-builder-row fusion-row\"><div class=\"fusion-layout-column fusion_builder_column fusion-builder-column-7 fusion_builder_column_1_2 1_2 fusion-one-half fusion-column-first\" style=\"--awb-padding-top:40px;--awb-padding-right:15px;--awb-padding-bottom:40px;--awb-padding-left:15px;--awb-bg-position:right bottom;--awb-bg-size:cover;--awb-margin-bottom:0px;\"><div class=\"fusion-column-wrapper fusion-flex-column-wrapper-legacy\"><div class=\"fusion-column-content-centered\"><div class=\"fusion-column-content\"><div class=\"fusion-text fusion-text-10\"><h2 style=\"text-align: center;\">Boutique de Souvenirs<\/h2>\n<\/div><div class=\"fusion-sep-clear\"><\/div><div class=\"fusion-separator\" style=\"margin-left: auto;margin-right: auto;margin-top:0px;margin-bottom:20px;width:100%;max-width:80px;\"><div class=\"fusion-separator-border sep-single sep-solid\" style=\"--awb-height:20px;--awb-amount:20px;--awb-sep-color:#026937;border-color:#026937;border-top-width:2px;\"><\/div><\/div><div class=\"fusion-sep-clear\"><\/div><div class=\"fusion-text fusion-text-11\"><p style=\"text-align: center;\">Des vacances inoubliables m\u00e9rite les meilleurs souvenirs. Au rez-de-chauss\u00e9e du magasin de souvenirs Salgueiro avec un large \u00e9ventail de suggestions pour vous.<\/p>\n<\/div><\/div><\/div><div class=\"fusion-clearfix\"><\/div><\/div><\/div><div class=\"fusion-layout-column fusion_builder_column fusion-builder-column-8 fusion_builder_column_1_2 1_2 fusion-one-half fusion-column-last\" style=\"--awb-padding-top:0px;--awb-padding-right:0px;--awb-padding-bottom:0px;--awb-padding-left:0px;--awb-bg-color:#ffffff;--awb-bg-color-hover:#ffffff;--awb-bg-position:center center;--awb-bg-size:cover;--awb-border-color:#ebeef1;--awb-border-top:0;--awb-border-right:0;--awb-border-bottom:0;--awb-border-left:0;--awb-border-style:solid;--awb-margin-bottom:0px;\"><div class=\"fusion-column-wrapper fusion-flex-column-wrapper-legacy\"><div class=\"fusion-image-element in-legacy-container\" style=\"--awb-caption-title-font-family:var(--h2_typography-font-family);--awb-caption-title-font-weight:var(--h2_typography-font-weight);--awb-caption-title-font-style:var(--h2_typography-font-style);--awb-caption-title-size:var(--h2_typography-font-size);--awb-caption-title-transform:var(--h2_typography-text-transform);--awb-caption-title-line-height:var(--h2_typography-line-height);--awb-caption-title-letter-spacing:var(--h2_typography-letter-spacing);\"><span class=\" fusion-imageframe imageframe-none imageframe-4 hover-type-none\" class=\"image-magnify\" class=\"image-scroll\"><img decoding=\"async\" width=\"2000\" height=\"1335\" alt=\"Loja de Souvenirs Salgueiro\" title=\"charset=Ascii\" src=\"https:\/\/salgueiroportomoniz.com\/wp-content\/uploads\/2020\/11\/2020-salgueiro-exterior-02-PRN_4805.jpg\" class=\"img-responsive wp-image-3688\" srcset=\"https:\/\/salgueiroportomoniz.com\/wp-content\/uploads\/2020\/11\/2020-salgueiro-exterior-02-PRN_4805-200x134.jpg 200w, https:\/\/salgueiroportomoniz.com\/wp-content\/uploads\/2020\/11\/2020-salgueiro-exterior-02-PRN_4805-400x267.jpg 400w, https:\/\/salgueiroportomoniz.com\/wp-content\/uploads\/2020\/11\/2020-salgueiro-exterior-02-PRN_4805-600x401.jpg 600w, https:\/\/salgueiroportomoniz.com\/wp-content\/uploads\/2020\/11\/2020-salgueiro-exterior-02-PRN_4805-800x534.jpg 800w, https:\/\/salgueiroportomoniz.com\/wp-content\/uploads\/2020\/11\/2020-salgueiro-exterior-02-PRN_4805-1200x801.jpg 1200w, https:\/\/salgueiroportomoniz.com\/wp-content\/uploads\/2020\/11\/2020-salgueiro-exterior-02-PRN_4805.jpg 2000w\" sizes=\"(max-width: 1000px) 100vw, 600px\" \/><\/span><\/div><div class=\"fusion-clearfix\"><\/div><\/div><\/div><\/div><\/div><\/div><\/p>\n","protected":false},"excerpt":{"rendered":"","protected":false},"author":1,"featured_media":3658,"parent":0,"menu_order":0,"comment_status":"open","ping_status":"open","template":"100-width.php","meta":[],"_links":{"self":[{"href":"https:\/\/salgueiroportomoniz.com\/fr\/wp-json\/wp\/v2\/pages\/2197"}],"collection":[{"href":"https:\/\/salgueiroportomoniz.com\/fr\/wp-json\/wp\/v2\/pages"}],"about":[{"href":"https:\/\/salgueiroportomoniz.com\/fr\/wp-json\/wp\/v2\/types\/page"}],"author":[{"embeddable":true,"href":"https:\/\/salgueiroportomoniz.com\/fr\/wp-json\/wp\/v2\/users\/1"}],"replies":[{"embeddable":true,"href":"https:\/\/salgueiroportomoniz.com\/fr\/wp-json\/wp\/v2\/comments?post=2197"}],"version-history":[{"count":1,"href":"https:\/\/salgueiroportomoniz.com\/fr\/wp-json\/wp\/v2\/pages\/2197\/revisions"}],"predecessor-version":[{"id":3808,"href":"https:\/\/salgueiroportomoniz.com\/fr\/wp-json\/wp\/v2\/pages\/2197\/revisions\/3808"}],"wp:featuredmedia":[{"embeddable":true,"href":"https:\/\/salgueiroportomoniz.com\/fr\/wp-json\/wp\/v2\/media\/3658"}],"wp:attachment":[{"href":"https:\/\/salgueiroportomoniz.com\/fr\/wp-json\/wp\/v2\/media?parent=2197"}],"curies":[{"name":"wp","href":"https:\/\/api.w.org\/{rel}","templated":true}]}}