{"id":2202,"date":"2015-02-03T20:14:31","date_gmt":"2015-02-03T20:14:31","guid":{"rendered":"https:\/\/salgueiroportomoniz.com\/pontos-de-interesse-no-porto-moniz\/"},"modified":"2020-12-03T12:39:15","modified_gmt":"2020-12-03T12:39:15","slug":"points-d-interet-a-porto-moniz","status":"publish","type":"page","link":"https:\/\/salgueiroportomoniz.com\/fr\/points-d-interet-a-porto-moniz\/","title":{"rendered":"Points d&rsquo;int\u00e9r\u00eat \u00e0 Porto Moniz"},"content":{"rendered":"<p><div class=\"fusion-fullwidth fullwidth-box fusion-builder-row-1 nonhundred-percent-fullwidth non-hundred-percent-height-scrolling\" style=\"--awb-background-position:left top;--awb-border-sizes-top:0px;--awb-border-sizes-bottom:0px;--awb-border-sizes-left:0px;--awb-border-sizes-right:0px;--awb-border-radius-top-left:0px;--awb-border-radius-top-right:0px;--awb-border-radius-bottom-right:0px;--awb-border-radius-bottom-left:0px;--awb-padding-top:20px;--awb-padding-bottom:60px;\" ><div class=\"fusion-builder-row fusion-row\"><div class=\"fusion-layout-column fusion_builder_column fusion-builder-column-0 fusion_builder_column_1_6 1_6 fusion-one-sixth fusion-column-first fusion-no-small-visibility fusion-no-medium-visibility\" style=\"--awb-padding-top:10%;--awb-padding-right:10%;--awb-padding-bottom:10%;--awb-padding-left:10%;--awb-bg-size:cover;width:13.3333%; margin-right: 4%;\"><div class=\"fusion-column-wrapper fusion-flex-column-wrapper-legacy\"><div class=\"fusion-clearfix\"><\/div><\/div><\/div><div class=\"fusion-layout-column fusion_builder_column fusion-builder-column-1 fusion_builder_column_2_3 2_3 fusion-two-third fusion-column-no-min-height\" style=\"--awb-bg-size:cover;--awb-margin-bottom:0px;width:65.3333%; margin-right: 4%;\"><div class=\"fusion-column-wrapper fusion-flex-column-wrapper-legacy\"><div class=\"fusion-text fusion-text-1\"><h2 style=\"text-align: center;\">A propos de Porto Moniz<\/h2>\n<\/div><div class=\"fusion-sep-clear\"><\/div><div class=\"fusion-separator\" style=\"margin-left: auto;margin-right: auto;margin-top:0px;margin-bottom:40px;width:100%;max-width:80px;\"><div class=\"fusion-separator-border sep-single sep-solid\" style=\"--awb-height:20px;--awb-amount:20px;--awb-sep-color:#026937;border-color:#026937;border-top-width:2px;\"><\/div><\/div><div class=\"fusion-sep-clear\"><\/div><div class=\"fusion-text fusion-text-2\"><p>Il est devenu la paroisse au 12 Mars 1574, l&rsquo;une des plus anciennes paroisses du nord de l&rsquo;\u00eele de Mad\u00e8re. Ici, ils ont tenu des exercices militaires au cours du si\u00e8cle. XVII et Porto Moniz est devenu populairement connu comme \u00ab bataillon \u00bb. Son nom est d\u00fb \u00e0 son fondateur probable, Francisco Moniz, \u00ab le vieil homme \u00bb, l&rsquo;un des plus anciens habitants de la r\u00e9gion, Algarve naturel. Sur son initiative, ou son fils, il a fond\u00e9 la chapelle de Nossa Senhora da Concei\u00e7\u00e3o, en 1553, autour de laquelle a grandi le village de Porto Moniz. Les monuments se dresse le fort de Saint-Jean-Baptiste, la fontaine 1887, l&rsquo;\u00e9glise paroissiale et le phare de communication construit au XXe si\u00e8cle (Farolim l&rsquo;\u00eelot Mole).<\/p>\n<p>Par si\u00e8cle. XVIII, la r\u00e9gion est consacr\u00e9 \u00e0 l&rsquo;\u00e9levage, la production de c\u00e9r\u00e9ales et de l&rsquo;extraction du bois, apr\u00e8s avoir li\u00e9 la pomme de terre et la viticulture.<\/p>\n<p>Retrouvez les plus belles piscines naturelles d&rsquo;eau sal\u00e9e dans le monde, y compris \u00e0 l&rsquo;\u00e9tude par le journal britannique \u00ab The Guardian \u00bb comme la meilleure piscine d&rsquo;eau sal\u00e9e en Europe.<\/p>\n<\/div><div class=\"fusion-clearfix\"><\/div><\/div><\/div><div class=\"fusion-layout-column fusion_builder_column fusion-builder-column-2 fusion_builder_column_1_6 1_6 fusion-one-sixth fusion-column-last fusion-no-small-visibility fusion-no-medium-visibility\" style=\"--awb-padding-top:10%;--awb-padding-right:10%;--awb-padding-bottom:10%;--awb-padding-left:10%;--awb-bg-size:cover;width:13.3333%;\"><div class=\"fusion-column-wrapper fusion-flex-column-wrapper-legacy\"><div class=\"fusion-clearfix\"><\/div><\/div><\/div><\/div><\/div><div class=\"fusion-fullwidth fullwidth-box fusion-builder-row-2 nonhundred-percent-fullwidth non-hundred-percent-height-scrolling fusion-equal-height-columns\" style=\"--awb-background-position:left top;--awb-border-sizes-top:0px;--awb-border-sizes-bottom:0px;--awb-border-sizes-left:0px;--awb-border-sizes-right:0px;--awb-border-radius-top-left:0px;--awb-border-radius-top-right:0px;--awb-border-radius-bottom-right:0px;--awb-border-radius-bottom-left:0px;--awb-padding-top:80px;--awb-padding-bottom:80px;--awb-background-color:#f4f6f8;\" ><div class=\"fusion-builder-row fusion-row\"><div class=\"fusion-layout-column fusion_builder_column fusion-builder-column-3 fusion_builder_column_1_1 1_1 fusion-one-full fusion-column-first fusion-column-last fusion-column-no-min-height\" style=\"--awb-bg-size:cover;--awb-margin-bottom:0px;\"><div class=\"fusion-column-wrapper fusion-flex-column-wrapper-legacy\"><div class=\"fusion-text fusion-text-3\"><h2 style=\"text-align: center;\">Points d&rsquo;int\u00e9r\u00eat<\/h2>\n<\/div><div class=\"fusion-sep-clear\"><\/div><div class=\"fusion-separator\" style=\"margin-left: auto;margin-right: auto;margin-top:0px;margin-bottom:40px;width:100%;max-width:80px;\"><div class=\"fusion-separator-border sep-single sep-solid\" style=\"--awb-height:20px;--awb-amount:20px;--awb-sep-color:#026937;border-color:#026937;border-top-width:2px;\"><\/div><\/div><div class=\"fusion-sep-clear\"><\/div><div class=\"fusion-clearfix\"><\/div><\/div><\/div><div class=\"fusion-layout-column fusion_builder_column fusion-builder-column-4 fusion_builder_column_1_3 1_3 fusion-one-third fusion-column-first activitycard\" style=\"--awb-padding-bottom:0px;--awb-bg-size:cover;width:30.6666%; margin-right: 4%;\"><div class=\"fusion-column-wrapper fusion-flex-column-wrapper-legacy\"><div class=\"fusion-image-element in-legacy-container\" style=\"--awb-caption-title-font-family:var(--h2_typography-font-family);--awb-caption-title-font-weight:var(--h2_typography-font-weight);--awb-caption-title-font-style:var(--h2_typography-font-style);--awb-caption-title-size:var(--h2_typography-font-size);--awb-caption-title-transform:var(--h2_typography-text-transform);--awb-caption-title-line-height:var(--h2_typography-line-height);--awb-caption-title-letter-spacing:var(--h2_typography-letter-spacing);\"><span class=\" fusion-imageframe imageframe-none imageframe-1 hover-type-none\" class=\"image-scroll\"><a href=\"https:\/\/salgueiroportomoniz.com\/wp-content\/uploads\/2015\/02\/piscinas-porto-moniz.jpg\" class=\"fusion-lightbox\" data-rel=\"iLightbox[pontosinteresse]\" data-title=\"piscinas-porto-moniz\" title=\"piscinas-porto-moniz\"><img decoding=\"async\" width=\"1000\" height=\"667\" src=\"https:\/\/salgueiroportomoniz.com\/wp-content\/uploads\/2015\/02\/piscinas-porto-moniz.jpg\" alt class=\"img-responsive wp-image-3435\" srcset=\"https:\/\/salgueiroportomoniz.com\/wp-content\/uploads\/2015\/02\/piscinas-porto-moniz-200x133.jpg 200w, https:\/\/salgueiroportomoniz.com\/wp-content\/uploads\/2015\/02\/piscinas-porto-moniz-400x267.jpg 400w, https:\/\/salgueiroportomoniz.com\/wp-content\/uploads\/2015\/02\/piscinas-porto-moniz-600x400.jpg 600w, https:\/\/salgueiroportomoniz.com\/wp-content\/uploads\/2015\/02\/piscinas-porto-moniz-800x534.jpg 800w, https:\/\/salgueiroportomoniz.com\/wp-content\/uploads\/2015\/02\/piscinas-porto-moniz.jpg 1000w\" sizes=\"(max-width: 1000px) 100vw, 400px\" \/><\/a><\/span><\/div><div class=\"fusion-text fusion-text-4\"><h3 style=\"text-align: center; padding-left: 20px; padding-right: 20px;\">Piscines Naturelles<\/h3>\n<\/div><div class=\"fusion-text fusion-text-5\"><div style=\"padding: 0 20px 20px 20px; display: block;\">Les piscines naturelles de Porto Moniz sont le grand \u00ab symbole \u00bb de la ville de Porto Moniz. Les piscines naturelles d&rsquo;eau sal\u00e9e sont compos\u00e9es de roches volcaniques o\u00f9 la mer entre naturellement. Cette infrastructure, qui a une surface de 3 800 m\u00b2, dispose \u00e9galement d&rsquo;une piscine pour enfants, d\u2019une zone de jeux pour enfants et d&rsquo;acc\u00e8s pour les personnes handicap\u00e9es.<\/div>\n<\/div><div class=\"fusion-clearfix\"><\/div><\/div><\/div><div class=\"fusion-layout-column fusion_builder_column fusion-builder-column-5 fusion_builder_column_1_3 1_3 fusion-one-third activitycard\" style=\"--awb-padding-bottom:0px;--awb-bg-size:cover;width:30.6666%; margin-right: 4%;\"><div class=\"fusion-column-wrapper fusion-flex-column-wrapper-legacy\"><div class=\"fusion-image-element in-legacy-container\" style=\"--awb-caption-title-font-family:var(--h2_typography-font-family);--awb-caption-title-font-weight:var(--h2_typography-font-weight);--awb-caption-title-font-style:var(--h2_typography-font-style);--awb-caption-title-size:var(--h2_typography-font-size);--awb-caption-title-transform:var(--h2_typography-text-transform);--awb-caption-title-line-height:var(--h2_typography-line-height);--awb-caption-title-letter-spacing:var(--h2_typography-letter-spacing);\"><span class=\" fusion-imageframe imageframe-none imageframe-2 hover-type-none\" class=\"image-scroll\"><a href=\"https:\/\/salgueiroportomoniz.com\/wp-content\/uploads\/2015\/02\/aquario-da-madeira.jpg\" class=\"fusion-lightbox\" data-rel=\"iLightbox[pontosinteresse]\" data-title=\"aquario-da-madeira\" title=\"aquario-da-madeira\"><img decoding=\"async\" width=\"1000\" height=\"668\" src=\"https:\/\/salgueiroportomoniz.com\/wp-content\/uploads\/2015\/02\/aquario-da-madeira.jpg\" alt class=\"img-responsive wp-image-3431\" srcset=\"https:\/\/salgueiroportomoniz.com\/wp-content\/uploads\/2015\/02\/aquario-da-madeira-200x134.jpg 200w, https:\/\/salgueiroportomoniz.com\/wp-content\/uploads\/2015\/02\/aquario-da-madeira-400x267.jpg 400w, https:\/\/salgueiroportomoniz.com\/wp-content\/uploads\/2015\/02\/aquario-da-madeira-600x401.jpg 600w, https:\/\/salgueiroportomoniz.com\/wp-content\/uploads\/2015\/02\/aquario-da-madeira-800x534.jpg 800w, https:\/\/salgueiroportomoniz.com\/wp-content\/uploads\/2015\/02\/aquario-da-madeira.jpg 1000w\" sizes=\"(max-width: 1000px) 100vw, 400px\" \/><\/a><\/span><\/div><div class=\"fusion-text fusion-text-6\"><h3 style=\"text-align: center; padding-left: 20px; padding-right: 20px;\">AQUARIUM DE MAD\u00c8RE<\/h3>\n<\/div><div class=\"fusion-text fusion-text-7\"><div style=\"padding: 0 20px 20px 20px; display: block;\">L&rsquo;Aquarium de Mad\u00e8re, situ\u00e9 \u00e0 Porto Moniz, pr\u00e9sente les divers \u00ab habitats \u00bb du monde marin de Mad\u00e8re, tout au long de 12 bassins.<\/div>\n<\/div><div class=\"fusion-clearfix\"><\/div><\/div><\/div><div class=\"fusion-layout-column fusion_builder_column fusion-builder-column-6 fusion_builder_column_1_3 1_3 fusion-one-third fusion-column-last activitycard\" style=\"--awb-bg-size:cover;width:30.6666%;\"><div class=\"fusion-column-wrapper fusion-flex-column-wrapper-legacy\"><div class=\"fusion-image-element in-legacy-container\" style=\"--awb-caption-title-font-family:var(--h2_typography-font-family);--awb-caption-title-font-weight:var(--h2_typography-font-weight);--awb-caption-title-font-style:var(--h2_typography-font-style);--awb-caption-title-size:var(--h2_typography-font-size);--awb-caption-title-transform:var(--h2_typography-text-transform);--awb-caption-title-line-height:var(--h2_typography-line-height);--awb-caption-title-letter-spacing:var(--h2_typography-letter-spacing);\"><span class=\" fusion-imageframe imageframe-none imageframe-3 hover-type-none\" class=\"image-scroll\"><a href=\"https:\/\/salgueiroportomoniz.com\/wp-content\/uploads\/2015\/02\/miradouro-da-santa.jpg\" class=\"fusion-lightbox\" data-rel=\"iLightbox[pontosinteresse]\" data-title=\"miradouro-da-santa\" title=\"miradouro-da-santa\"><img decoding=\"async\" width=\"1000\" height=\"665\" src=\"https:\/\/salgueiroportomoniz.com\/wp-content\/uploads\/2015\/02\/miradouro-da-santa.jpg\" alt class=\"img-responsive wp-image-3443\" srcset=\"https:\/\/salgueiroportomoniz.com\/wp-content\/uploads\/2015\/02\/miradouro-da-santa-200x133.jpg 200w, https:\/\/salgueiroportomoniz.com\/wp-content\/uploads\/2015\/02\/miradouro-da-santa-400x266.jpg 400w, https:\/\/salgueiroportomoniz.com\/wp-content\/uploads\/2015\/02\/miradouro-da-santa-600x399.jpg 600w, https:\/\/salgueiroportomoniz.com\/wp-content\/uploads\/2015\/02\/miradouro-da-santa-800x532.jpg 800w, https:\/\/salgueiroportomoniz.com\/wp-content\/uploads\/2015\/02\/miradouro-da-santa.jpg 1000w\" sizes=\"(max-width: 1000px) 100vw, 400px\" \/><\/a><\/span><\/div><div class=\"fusion-text fusion-text-8\"><h3 style=\"text-align: center; padding-left: 20px; padding-right: 20px;\">BELV\u00c9D\u00c8RE DE SANTA<\/h3>\n<\/div><div class=\"fusion-text fusion-text-9\"><div style=\"padding: 0 20px 20px 20px; display: block;\">Le Belv\u00e9d\u00e8re de Santa, \u00e0 Porto Moniz, nous offre une vue fantastique sur la ville de Porto Moniz et sur l&rsquo;\u00eelot Mole.<\/div>\n<\/div><div class=\"fusion-clearfix\"><\/div><\/div><\/div><\/div><\/div><div class=\"fusion-bg-parallax\" data-bg-align=\"center bottom\" data-direction=\"up\" data-mute=\"false\" data-opacity=\"100\" data-velocity=\"-0.3\" data-mobile-enabled=\"false\" data-break_parents=\"0\" data-bg-image=\"https:\/\/salgueiroportomoniz.com\/wp-content\/uploads\/2015\/04\/2020-salgueiro-quarto-suite-10-PRN_4470.jpg\" data-bg-repeat=\"false\" ><\/div><div class=\"fusion-fullwidth fullwidth-box fusion-builder-row-3 fusion-parallax-up nonhundred-percent-fullwidth non-hundred-percent-height-scrolling\" style=\"--awb-background-position:center bottom;--awb-border-sizes-top:0px;--awb-border-sizes-bottom:0px;--awb-border-sizes-left:0px;--awb-border-sizes-right:0px;--awb-border-radius-top-left:0px;--awb-border-radius-top-right:0px;--awb-border-radius-bottom-right:0px;--awb-border-radius-bottom-left:0px;--awb-padding-top:100px;--awb-padding-bottom:80px;--awb-background-image:url(&quot;https:\/\/salgueiroportomoniz.com\/wp-content\/uploads\/2015\/04\/2020-salgueiro-quarto-suite-10-PRN_4470.jpg&quot;);--awb-background-size:cover;\" ><div class=\"fusion-builder-row fusion-row\"><div class=\"fusion-layout-column fusion_builder_column fusion-builder-column-7 fusion_builder_column_1_6 1_6 fusion-one-sixth fusion-column-first fusion-no-small-visibility\" style=\"--awb-padding-top:10%;--awb-padding-right:10%;--awb-padding-bottom:10%;--awb-padding-left:10%;--awb-bg-size:cover;width:13.3333%; margin-right: 4%;\"><div class=\"fusion-column-wrapper fusion-flex-column-wrapper-legacy\"><div class=\"fusion-clearfix\"><\/div><\/div><\/div><div class=\"fusion-layout-column fusion_builder_column fusion-builder-column-8 fusion_builder_column_2_3 2_3 fusion-two-third\" style=\"--awb-padding-top:5%;--awb-padding-right:5%;--awb-padding-bottom:5%;--awb-padding-left:5%;--awb-bg-color:rgba(255,255,255,.7);--awb-bg-color-hover:rgba(255,255,255,.7);--awb-bg-size:cover;width:65.3333%; margin-right: 4%;\"><div class=\"fusion-column-wrapper fusion-flex-column-wrapper-legacy\"><div class=\"fusion-text fusion-text-10\"><h2 style=\"text-align: center;\">Besoin d&rsquo;h\u00e9bergement?<\/h2>\n<\/div><div class=\"fusion-aligncenter\"><a class=\"fusion-button button-flat fusion-button-default-size button-default fusion-button-default button-1 fusion-button-default-span fusion-button-default-type\" target=\"_self\" href=\"\/fr\/#accommodations\"><span class=\"fusion-button-text\">VOIR CHAMBRES<\/span><\/a><\/div><div class=\"fusion-clearfix\"><\/div><\/div><\/div><div class=\"fusion-layout-column fusion_builder_column fusion-builder-column-9 fusion_builder_column_1_6 1_6 fusion-one-sixth fusion-column-last\" style=\"--awb-padding-top:10%;--awb-padding-right:10%;--awb-padding-bottom:10%;--awb-padding-left:10%;--awb-bg-size:cover;width:13.3333%;\"><div class=\"fusion-column-wrapper fusion-flex-column-wrapper-legacy\"><div class=\"fusion-clearfix\"><\/div><\/div><\/div><\/div><\/div><\/p>\n","protected":false},"excerpt":{"rendered":"","protected":false},"author":1,"featured_media":2038,"parent":0,"menu_order":0,"comment_status":"open","ping_status":"open","template":"100-width.php","meta":[],"_links":{"self":[{"href":"https:\/\/salgueiroportomoniz.com\/fr\/wp-json\/wp\/v2\/pages\/2202"}],"collection":[{"href":"https:\/\/salgueiroportomoniz.com\/fr\/wp-json\/wp\/v2\/pages"}],"about":[{"href":"https:\/\/salgueiroportomoniz.com\/fr\/wp-json\/wp\/v2\/types\/page"}],"author":[{"embeddable":true,"href":"https:\/\/salgueiroportomoniz.com\/fr\/wp-json\/wp\/v2\/users\/1"}],"replies":[{"embeddable":true,"href":"https:\/\/salgueiroportomoniz.com\/fr\/wp-json\/wp\/v2\/comments?post=2202"}],"version-history":[{"count":1,"href":"https:\/\/salgueiroportomoniz.com\/fr\/wp-json\/wp\/v2\/pages\/2202\/revisions"}],"predecessor-version":[{"id":3812,"href":"https:\/\/salgueiroportomoniz.com\/fr\/wp-json\/wp\/v2\/pages\/2202\/revisions\/3812"}],"wp:featuredmedia":[{"embeddable":true,"href":"https:\/\/salgueiroportomoniz.com\/fr\/wp-json\/wp\/v2\/media\/2038"}],"wp:attachment":[{"href":"https:\/\/salgueiroportomoniz.com\/fr\/wp-json\/wp\/v2\/media?parent=2202"}],"curies":[{"name":"wp","href":"https:\/\/api.w.org\/{rel}","templated":true}]}}